{"id":40,"date":"2019-11-18T09:26:37","date_gmt":"2019-11-18T09:26:37","guid":{"rendered":"https:\/\/demo.themeisle.com\/neve-blogger\/?page_id=22"},"modified":"2025-07-12T18:26:54","modified_gmt":"2025-07-12T16:26:54","slug":"contact","status":"publish","type":"page","link":"https:\/\/e-romnja.ro\/en\/contact\/","title":{"rendered":"Contact"},"content":{"rendered":"<div data-elementor-type=\"wp-post\" data-elementor-id=\"40\" class=\"elementor elementor-40\">\n\t\t\t\t\t\t<section class=\"elementor-section elementor-top-section elementor-element elementor-element-affb34b elementor-section-boxed elementor-section-height-default elementor-section-height-default\" data-id=\"affb34b\" data-element_type=\"section\" data-e-type=\"section\" data-settings=\"{&quot;background_background&quot;:&quot;classic&quot;,&quot;animation&quot;:&quot;none&quot;}\">\n\t\t\t\t\t\t<div class=\"elementor-container elementor-column-gap-default\">\n\t\t\t\t\t<div class=\"aux-parallax-section elementor-column elementor-col-100 elementor-top-column elementor-element elementor-element-f80435d\" data-id=\"f80435d\" data-element_type=\"column\" data-e-type=\"column\">\n\t\t\t<div class=\"elementor-widget-wrap elementor-element-populated\">\n\t\t\t\t\t\t<section class=\"elementor-section elementor-inner-section elementor-element elementor-element-9affe82 elementor-reverse-tablet elementor-reverse-mobile elementor-section-boxed elementor-section-height-default elementor-section-height-default\" data-id=\"9affe82\" data-element_type=\"section\" data-e-type=\"section\">\n\t\t\t\t\t\t<div class=\"elementor-container elementor-column-gap-default\">\n\t\t\t\t\t<div class=\"aux-parallax-section elementor-column elementor-col-50 elementor-inner-column elementor-element elementor-element-8384c48\" data-id=\"8384c48\" data-element_type=\"column\" data-e-type=\"column\">\n\t\t\t<div class=\"elementor-widget-wrap elementor-element-populated\">\n\t\t\t\t\t\t<div class=\"elementor-element elementor-element-8dd03d5 aux-appear-watch-animation aux-fade-in-up-2 elementor-widget elementor-widget-image\" data-id=\"8dd03d5\" data-element_type=\"widget\" data-e-type=\"widget\" data-widget_type=\"image.default\">\n\t\t\t\t<div class=\"elementor-widget-container\">\n\t\t\t\t\t\t\t\t\t\t\t\t\t\t\t<img fetchpriority=\"high\" decoding=\"async\" width=\"1080\" height=\"1561\" src=\"https:\/\/e-romnja.ro\/wp-content\/uploads\/2021\/04\/contact-color-Eromnja.jpg\" class=\"attachment-full size-full wp-image-1751\" alt=\"\" srcset=\"https:\/\/e-romnja.ro\/wp-content\/uploads\/2021\/04\/contact-color-Eromnja.jpg 1080w, https:\/\/e-romnja.ro\/wp-content\/uploads\/2021\/04\/contact-color-Eromnja-1063x1536.jpg 1063w\" sizes=\"(max-width: 1080px) 100vw, 1080px\" \/>\t\t\t\t\t\t\t\t\t\t\t\t\t\t\t<\/div>\n\t\t\t\t<\/div>\n\t\t\t\t\t<\/div>\n\t\t<\/div>\n\t\t\t\t<div class=\"aux-parallax-section elementor-column elementor-col-50 elementor-inner-column elementor-element elementor-element-bfdb7cc\" data-id=\"bfdb7cc\" data-element_type=\"column\" data-e-type=\"column\">\n\t\t\t<div class=\"elementor-widget-wrap elementor-element-populated\">\n\t\t\t\t\t\t<div class=\"elementor-element elementor-element-3911599 elementor-widget elementor-widget-heading\" data-id=\"3911599\" data-element_type=\"widget\" data-e-type=\"widget\" data-widget_type=\"heading.default\">\n\t\t\t\t<div class=\"elementor-widget-container\">\n\t\t\t\t\t<h3 class=\"elementor-heading-title elementor-size-default\">Contact<\/h3>\t\t\t\t<\/div>\n\t\t\t\t<\/div>\n\t\t\t\t<div class=\"elementor-element elementor-element-26fe18a elementor-widget elementor-widget-text-editor\" data-id=\"26fe18a\" data-element_type=\"widget\" data-e-type=\"widget\" data-widget_type=\"text-editor.default\">\n\t\t\t\t<div class=\"elementor-widget-container\">\n\t\t\t\t\t\t\t\t\t<h4 class=\"translation-block\"><strong>E-Romnja Association<\/strong> (The E-Romnja Association for Promotion of Roma Women's Rights)<\/h4>\t\t\t\t\t\t\t\t<\/div>\n\t\t\t\t<\/div>\n\t\t\t\t<div class=\"elementor-element elementor-element-ecc60a0 elementor-widget elementor-widget-aux_icon_list\" data-id=\"ecc60a0\" data-element_type=\"widget\" data-e-type=\"widget\" data-widget_type=\"aux_icon_list.default\">\n\t\t\t\t<div class=\"elementor-widget-container\">\n\t\t\t\t\t<section class=\"widget-container aux-widget-icon-list aux-parent-aubd2d3d1c\"><div class=\"widget-inner\"><div class=\"aux-widget-icon-list-inner\"><ul class=\"aux-icon-list-items aux-direction-vertical\"><li class=\"aux-icon-list-item aux-list-item-has-icon aux-icon-list-item-5c3c818 elementor-repeater-item-5c3c818\"><span class=\"aux-icon-list-icon auxicon-phone-classic-on\"><\/span><span class=\"aux-icon-list-text\">031 425.19.92<\/span><\/li><li class=\"aux-icon-list-item aux-list-item-has-icon aux-icon-list-item-ca3b08e elementor-repeater-item-ca3b08e\"><a class=\"aux-icon-list-link\" href=\"mailto:office@e-romnja.ro\"><i aria-hidden=\"true\" class=\"aux-icon-list-icon auxicon auxicon-mail-1\"><\/i><span class=\"aux-icon-list-text\">office@e-romnja.ro<\/span><\/a><\/li><\/ul><\/div><\/div><\/section><!-- widget-container -->\t\t\t\t<\/div>\n\t\t\t\t<\/div>\n\t\t\t\t<div class=\"elementor-element elementor-element-d5ef6a7 elementor-widget elementor-widget-text-editor\" data-id=\"d5ef6a7\" data-element_type=\"widget\" data-e-type=\"widget\" data-widget_type=\"text-editor.default\">\n\t\t\t\t<div class=\"elementor-widget-container\">\n\t\t\t\t\t\t\t\t\t<p>Or you can write us directly using the form below:<\/p>\t\t\t\t\t\t\t\t<\/div>\n\t\t\t\t<\/div>\n\t\t\t\t<div class=\"elementor-element elementor-element-9fb2b5a elementor-widget elementor-widget-aux_contact_form\" data-id=\"9fb2b5a\" data-element_type=\"widget\" data-e-type=\"widget\" data-widget_type=\"aux_contact_form.default\">\n\t\t\t\t<div class=\"elementor-widget-container\">\n\t\t\t\t\t<section class=\"widget-container aux-widget-contact-form aux-parent-au3177132f\">            <div class=\"aux-col-wrapper aux-no-gutter\">\n            <!-- @TODO - The output for element here -->\n\n            \n<div class=\"wpcf7 no-js\" id=\"wpcf7-f1932-o1\" lang=\"ro-RO\" dir=\"ltr\" data-wpcf7-id=\"1932\">\n<div class=\"screen-reader-response\"><p role=\"status\" aria-live=\"polite\" aria-atomic=\"true\"><\/p> <ul><\/ul><\/div>\n<form action=\"\/en\/wp-json\/wp\/v2\/pages\/40#wpcf7-f1932-o1\" method=\"post\" class=\"wpcf7-form init\" aria-label=\"Formular de contact\" novalidate=\"novalidate\" data-status=\"init\" data-trp-original-action=\"\/en\/wp-json\/wp\/v2\/pages\/40#wpcf7-f1932-o1\">\n<fieldset class=\"hidden-fields-container\"><input type=\"hidden\" name=\"_wpcf7\" value=\"1932\" \/><input type=\"hidden\" name=\"_wpcf7_version\" value=\"6.1.5\" \/><input type=\"hidden\" name=\"_wpcf7_locale\" value=\"ro_RO\" \/><input type=\"hidden\" name=\"_wpcf7_unit_tag\" value=\"wpcf7-f1932-o1\" \/><input type=\"hidden\" name=\"_wpcf7_container_post\" value=\"0\" \/><input type=\"hidden\" name=\"_wpcf7_posted_data_hash\" value=\"\" \/><input type=\"hidden\" name=\"_wpcf7_recaptcha_response\" value=\"\" \/>\n<\/fieldset>\n<p><label> Your name*<br \/>\n<span class=\"wpcf7-form-control-wrap\" data-name=\"your-name\"><input size=\"40\" maxlength=\"400\" class=\"wpcf7-form-control wpcf7-text wpcf7-validates-as-required\" aria-required=\"true\" aria-invalid=\"false\" value=\"\" type=\"text\" name=\"your-name\" \/><\/span> <\/label>\n<\/p>\n<p><label> Your e-mail address*<br \/>\n<span class=\"wpcf7-form-control-wrap\" data-name=\"your-email\"><input size=\"40\" maxlength=\"400\" class=\"wpcf7-form-control wpcf7-email wpcf7-validates-as-required wpcf7-text wpcf7-validates-as-email\" aria-required=\"true\" aria-invalid=\"false\" value=\"\" type=\"email\" name=\"your-email\" \/><\/span> <\/label>\n<\/p>\n<p><label> Subject*<br \/>\n<span class=\"wpcf7-form-control-wrap\" data-name=\"your-subject\"><input size=\"40\" maxlength=\"400\" class=\"wpcf7-form-control wpcf7-text wpcf7-validates-as-required\" aria-required=\"true\" aria-invalid=\"false\" value=\"\" type=\"text\" name=\"your-subject\" \/><\/span> <\/label>\n<\/p>\n<p><label> Your message*<br \/>\n<span class=\"wpcf7-form-control-wrap\" data-name=\"your-message\"><textarea cols=\"40\" rows=\"10\" maxlength=\"2000\" class=\"wpcf7-form-control wpcf7-textarea wpcf7-validates-as-required\" aria-required=\"true\" aria-invalid=\"false\" name=\"your-message\"><\/textarea><\/span> <\/label><br \/>\n*required fields.\n<\/p>\n<p><input class=\"wpcf7-form-control wpcf7-submit has-spinner\" type=\"submit\" value=\"Send\" \/>\n<\/p><div class=\"wpcf7-response-output\" aria-hidden=\"true\"><\/div>\n<input type=\"hidden\" name=\"trp-form-language\" value=\"en\"\/><\/form>\n<\/div>\n\n\n            <\/div><!-- aux-col-wrapper -->\n    <\/section><!-- widget-container -->\t\t\t\t<\/div>\n\t\t\t\t<\/div>\n\t\t\t\t<div class=\"elementor-element elementor-element-e0521c3 elementor-widget elementor-widget-text-editor\" data-id=\"e0521c3\" data-element_type=\"widget\" data-e-type=\"widget\" data-widget_type=\"text-editor.default\">\n\t\t\t\t<div class=\"elementor-widget-container\">\n\t\t\t\t\t\t\t\t\t<p>Read <a href=\"https:\/\/e-romnja.ro\/en\/politica-confidentialitate\/\" target=\"_blank\" rel=\"noopener noreferrer nofollow\">our privacy policy here.<\/a><\/p>\t\t\t\t\t\t\t\t<\/div>\n\t\t\t\t<\/div>\n\t\t\t\t\t<\/div>\n\t\t<\/div>\n\t\t\t\t\t<\/div>\n\t\t<\/section>\n\t\t\t\t\t<\/div>\n\t\t<\/div>\n\t\t\t\t\t<\/div>\n\t\t<\/section>\n\t\t\t\t<\/div>","protected":false},"excerpt":{"rendered":"<p>Contact Asocia\u021bia E-Romnja (Asocia\u021bia pentru Promovarea Drepturilor Femeilor Rome) 031 425.19.92 office@e-romnja.ro Sau ne po\u021bi scrie direct folosind fomularul de mai jos: Numele t\u0103u* Emailul t\u0103u* Subiect* Mesajul t\u0103u* *c\u00e2mpuri necesare. Cite\u0219te politica noastr\u0103 de confiden\u021bialitate aici.<\/p>","protected":false},"author":1,"featured_media":0,"parent":0,"menu_order":0,"comment_status":"closed","ping_status":"closed","template":"elementor_header_footer","meta":{"footnotes":"","_links_to":"","_links_to_target":""},"class_list":["post-40","page","type-page","status-publish","hentry"],"yoast_head":"<!-- This site is optimized with the Yoast SEO plugin v27.4 - https:\/\/yoast.com\/product\/yoast-seo-wordpress\/ -->\n<title>Contact - E-Romnja<\/title>\n<meta name=\"robots\" content=\"index, follow, max-snippet:-1, max-image-preview:large, max-video-preview:-1\" \/>\n<link rel=\"canonical\" href=\"https:\/\/e-romnja.ro\/en\/contact\/\" \/>\n<meta property=\"og:locale\" content=\"en_US\" \/>\n<meta property=\"og:type\" content=\"article\" \/>\n<meta property=\"og:title\" content=\"Contact - E-Romnja\" \/>\n<meta property=\"og:description\" content=\"Contact Asocia\u021bia E-Romnja (Asocia\u021bia pentru Promovarea Drepturilor Femeilor Rome) 031 425.19.92 office@e-romnja.ro Sau ne po\u021bi scrie direct folosind fomularul de mai jos: Numele t\u0103u* Emailul t\u0103u* Subiect* Mesajul t\u0103u* *c\u00e2mpuri necesare. Cite\u0219te politica noastr\u0103 de confiden\u021bialitate aici.\" \/>\n<meta property=\"og:url\" content=\"https:\/\/e-romnja.ro\/en\/contact\/\" \/>\n<meta property=\"og:site_name\" content=\"E-Romnja\" \/>\n<meta property=\"article:modified_time\" content=\"2025-07-12T16:26:54+00:00\" \/>\n<meta property=\"og:image\" content=\"https:\/\/e-romnja.ro\/wp-content\/uploads\/2021\/04\/contact-color-Eromnja.jpg\" \/>\n\t<meta property=\"og:image:width\" content=\"1080\" \/>\n\t<meta property=\"og:image:height\" content=\"1561\" \/>\n\t<meta property=\"og:image:type\" content=\"image\/jpeg\" \/>\n<meta name=\"twitter:card\" content=\"summary_large_image\" \/>\n<script type=\"application\/ld+json\" class=\"yoast-schema-graph\">{\"@context\":\"https:\\\/\\\/schema.org\",\"@graph\":[{\"@type\":\"WebPage\",\"@id\":\"https:\\\/\\\/e-romnja.ro\\\/contact\\\/\",\"url\":\"https:\\\/\\\/e-romnja.ro\\\/contact\\\/\",\"name\":\"Contact - E-Romnja\",\"isPartOf\":{\"@id\":\"https:\\\/\\\/e-romnja.ro\\\/#website\"},\"primaryImageOfPage\":{\"@id\":\"https:\\\/\\\/e-romnja.ro\\\/contact\\\/#primaryimage\"},\"image\":{\"@id\":\"https:\\\/\\\/e-romnja.ro\\\/contact\\\/#primaryimage\"},\"thumbnailUrl\":\"https:\\\/\\\/e-romnja.ro\\\/wp-content\\\/uploads\\\/2021\\\/04\\\/contact-color-Eromnja.jpg\",\"datePublished\":\"2019-11-18T09:26:37+00:00\",\"dateModified\":\"2025-07-12T16:26:54+00:00\",\"breadcrumb\":{\"@id\":\"https:\\\/\\\/e-romnja.ro\\\/contact\\\/#breadcrumb\"},\"inLanguage\":\"en-US\",\"potentialAction\":[{\"@type\":\"ReadAction\",\"target\":[\"https:\\\/\\\/e-romnja.ro\\\/contact\\\/\"]}]},{\"@type\":\"ImageObject\",\"inLanguage\":\"en-US\",\"@id\":\"https:\\\/\\\/e-romnja.ro\\\/contact\\\/#primaryimage\",\"url\":\"https:\\\/\\\/e-romnja.ro\\\/wp-content\\\/uploads\\\/2021\\\/04\\\/contact-color-Eromnja.jpg\",\"contentUrl\":\"https:\\\/\\\/e-romnja.ro\\\/wp-content\\\/uploads\\\/2021\\\/04\\\/contact-color-Eromnja.jpg\"},{\"@type\":\"BreadcrumbList\",\"@id\":\"https:\\\/\\\/e-romnja.ro\\\/contact\\\/#breadcrumb\",\"itemListElement\":[{\"@type\":\"ListItem\",\"position\":1,\"name\":\"Prima pagin\u0103\",\"item\":\"https:\\\/\\\/e-romnja.ro\\\/\"},{\"@type\":\"ListItem\",\"position\":2,\"name\":\"Contact\"}]},{\"@type\":\"WebSite\",\"@id\":\"https:\\\/\\\/e-romnja.ro\\\/#website\",\"url\":\"https:\\\/\\\/e-romnja.ro\\\/\",\"name\":\"E-Romnja\",\"description\":\"E-Romnja lupt\u0103 pentru respectul, integritatea \u0219i demnitatea femeilor rome.\",\"publisher\":{\"@id\":\"https:\\\/\\\/e-romnja.ro\\\/#organization\"},\"potentialAction\":[{\"@type\":\"SearchAction\",\"target\":{\"@type\":\"EntryPoint\",\"urlTemplate\":\"https:\\\/\\\/e-romnja.ro\\\/?s={search_term_string}\"},\"query-input\":{\"@type\":\"PropertyValueSpecification\",\"valueRequired\":true,\"valueName\":\"search_term_string\"}}],\"inLanguage\":\"en-US\"},{\"@type\":\"Organization\",\"@id\":\"https:\\\/\\\/e-romnja.ro\\\/#organization\",\"name\":\"E-Romnja\",\"url\":\"https:\\\/\\\/e-romnja.ro\\\/\",\"logo\":{\"@type\":\"ImageObject\",\"inLanguage\":\"en-US\",\"@id\":\"https:\\\/\\\/e-romnja.ro\\\/#\\\/schema\\\/logo\\\/image\\\/\",\"url\":\"https:\\\/\\\/e-romnja.ro\\\/wp-content\\\/uploads\\\/2020\\\/09\\\/cropped-e-romnja-1.jpg\",\"contentUrl\":\"https:\\\/\\\/e-romnja.ro\\\/wp-content\\\/uploads\\\/2020\\\/09\\\/cropped-e-romnja-1.jpg\",\"width\":150,\"height\":150,\"caption\":\"E-Romnja\"},\"image\":{\"@id\":\"https:\\\/\\\/e-romnja.ro\\\/#\\\/schema\\\/logo\\\/image\\\/\"}}]}<\/script>\n<!-- \/ Yoast SEO plugin. -->","yoast_head_json":{"title":"Contact - E-Romnja","robots":{"index":"index","follow":"follow","max-snippet":"max-snippet:-1","max-image-preview":"max-image-preview:large","max-video-preview":"max-video-preview:-1"},"canonical":"https:\/\/e-romnja.ro\/en\/contact\/","og_locale":"en_US","og_type":"article","og_title":"Contact - E-Romnja","og_description":"Contact Asocia\u021bia E-Romnja (Asocia\u021bia pentru Promovarea Drepturilor Femeilor Rome) 031 425.19.92 office@e-romnja.ro Sau ne po\u021bi scrie direct folosind fomularul de mai jos: Numele t\u0103u* Emailul t\u0103u* Subiect* Mesajul t\u0103u* *c\u00e2mpuri necesare. Cite\u0219te politica noastr\u0103 de confiden\u021bialitate aici.","og_url":"https:\/\/e-romnja.ro\/en\/contact\/","og_site_name":"E-Romnja","article_modified_time":"2025-07-12T16:26:54+00:00","og_image":[{"width":1080,"height":1561,"url":"https:\/\/e-romnja.ro\/wp-content\/uploads\/2021\/04\/contact-color-Eromnja.jpg","type":"image\/jpeg"}],"twitter_card":"summary_large_image","schema":{"@context":"https:\/\/schema.org","@graph":[{"@type":"WebPage","@id":"https:\/\/e-romnja.ro\/contact\/","url":"https:\/\/e-romnja.ro\/contact\/","name":"Contact - E-Romnja","isPartOf":{"@id":"https:\/\/e-romnja.ro\/#website"},"primaryImageOfPage":{"@id":"https:\/\/e-romnja.ro\/contact\/#primaryimage"},"image":{"@id":"https:\/\/e-romnja.ro\/contact\/#primaryimage"},"thumbnailUrl":"https:\/\/e-romnja.ro\/wp-content\/uploads\/2021\/04\/contact-color-Eromnja.jpg","datePublished":"2019-11-18T09:26:37+00:00","dateModified":"2025-07-12T16:26:54+00:00","breadcrumb":{"@id":"https:\/\/e-romnja.ro\/contact\/#breadcrumb"},"inLanguage":"en-US","potentialAction":[{"@type":"ReadAction","target":["https:\/\/e-romnja.ro\/contact\/"]}]},{"@type":"ImageObject","inLanguage":"en-US","@id":"https:\/\/e-romnja.ro\/contact\/#primaryimage","url":"https:\/\/e-romnja.ro\/wp-content\/uploads\/2021\/04\/contact-color-Eromnja.jpg","contentUrl":"https:\/\/e-romnja.ro\/wp-content\/uploads\/2021\/04\/contact-color-Eromnja.jpg"},{"@type":"BreadcrumbList","@id":"https:\/\/e-romnja.ro\/contact\/#breadcrumb","itemListElement":[{"@type":"ListItem","position":1,"name":"Prima pagin\u0103","item":"https:\/\/e-romnja.ro\/"},{"@type":"ListItem","position":2,"name":"Contact"}]},{"@type":"WebSite","@id":"https:\/\/e-romnja.ro\/#website","url":"https:\/\/e-romnja.ro\/","name":"E-Romnja","description":"E-Romnja fights for the respect, integrity and dignity of Roma women.","publisher":{"@id":"https:\/\/e-romnja.ro\/#organization"},"potentialAction":[{"@type":"SearchAction","target":{"@type":"EntryPoint","urlTemplate":"https:\/\/e-romnja.ro\/?s={search_term_string}"},"query-input":{"@type":"PropertyValueSpecification","valueRequired":true,"valueName":"search_term_string"}}],"inLanguage":"en-US"},{"@type":"Organization","@id":"https:\/\/e-romnja.ro\/#organization","name":"E-Romnja","url":"https:\/\/e-romnja.ro\/","logo":{"@type":"ImageObject","inLanguage":"en-US","@id":"https:\/\/e-romnja.ro\/#\/schema\/logo\/image\/","url":"https:\/\/e-romnja.ro\/wp-content\/uploads\/2020\/09\/cropped-e-romnja-1.jpg","contentUrl":"https:\/\/e-romnja.ro\/wp-content\/uploads\/2020\/09\/cropped-e-romnja-1.jpg","width":150,"height":150,"caption":"E-Romnja"},"image":{"@id":"https:\/\/e-romnja.ro\/#\/schema\/logo\/image\/"}}]}},"_links":{"self":[{"href":"https:\/\/e-romnja.ro\/en\/wp-json\/wp\/v2\/pages\/40","targetHints":{"allow":["GET"]}}],"collection":[{"href":"https:\/\/e-romnja.ro\/en\/wp-json\/wp\/v2\/pages"}],"about":[{"href":"https:\/\/e-romnja.ro\/en\/wp-json\/wp\/v2\/types\/page"}],"author":[{"embeddable":true,"href":"https:\/\/e-romnja.ro\/en\/wp-json\/wp\/v2\/users\/1"}],"replies":[{"embeddable":true,"href":"https:\/\/e-romnja.ro\/en\/wp-json\/wp\/v2\/comments?post=40"}],"version-history":[{"count":5,"href":"https:\/\/e-romnja.ro\/en\/wp-json\/wp\/v2\/pages\/40\/revisions"}],"predecessor-version":[{"id":3520,"href":"https:\/\/e-romnja.ro\/en\/wp-json\/wp\/v2\/pages\/40\/revisions\/3520"}],"wp:attachment":[{"href":"https:\/\/e-romnja.ro\/en\/wp-json\/wp\/v2\/media?parent=40"}],"curies":[{"name":"wp","href":"https:\/\/api.w.org\/{rel}","templated":true}]}}