{"id":3436,"date":"2025-03-12T17:10:44","date_gmt":"2025-03-12T15:10:44","guid":{"rendered":"https:\/\/e-romnja.ro\/?page_id=3436"},"modified":"2025-03-12T17:31:36","modified_gmt":"2025-03-12T15:31:36","slug":"doneaza-pentru-florica","status":"publish","type":"page","link":"https:\/\/e-romnja.ro\/en\/doneaza\/doneaza-pentru-florica\/","title":{"rendered":"Doneaz\u0103 pentru Florica"},"content":{"rendered":"<div data-elementor-type=\"wp-post\" data-elementor-id=\"3436\" class=\"elementor elementor-3436\">\n\t\t\t\t\t\t<section class=\"elementor-section elementor-top-section elementor-element elementor-element-a161230 elementor-section-boxed elementor-section-height-default elementor-section-height-default\" data-id=\"a161230\" data-element_type=\"section\" data-e-type=\"section\" data-settings=\"{&quot;background_background&quot;:&quot;classic&quot;,&quot;animation&quot;:&quot;none&quot;}\">\n\t\t\t\t\t\t<div class=\"elementor-container elementor-column-gap-default\">\n\t\t\t\t\t<div class=\"aux-parallax-section elementor-column elementor-col-100 elementor-top-column elementor-element elementor-element-b36f1c9\" data-id=\"b36f1c9\" data-element_type=\"column\" data-e-type=\"column\">\n\t\t\t<div class=\"elementor-widget-wrap elementor-element-populated\">\n\t\t\t\t\t\t<section class=\"elementor-section elementor-inner-section elementor-element elementor-element-9f4ec04 elementor-section-boxed elementor-section-height-default elementor-section-height-default\" data-id=\"9f4ec04\" data-element_type=\"section\" data-e-type=\"section\">\n\t\t\t\t\t\t<div class=\"elementor-container elementor-column-gap-default\">\n\t\t\t\t\t<div class=\"aux-parallax-section elementor-column elementor-col-50 elementor-inner-column elementor-element elementor-element-3c92739\" data-id=\"3c92739\" data-element_type=\"column\" data-e-type=\"column\">\n\t\t\t<div class=\"elementor-widget-wrap elementor-element-populated\">\n\t\t\t\t\t\t<div class=\"elementor-element elementor-element-0897167 elementor-widget elementor-widget-heading\" data-id=\"0897167\" data-element_type=\"widget\" data-e-type=\"widget\" data-widget_type=\"heading.default\">\n\t\t\t\t<div class=\"elementor-widget-container\">\n\t\t\t\t\t<h2 class=\"elementor-heading-title elementor-size-default\">Doneaz\u0103 pentru Florica<\/h2>\t\t\t\t<\/div>\n\t\t\t\t<\/div>\n\t\t\t\t\t<\/div>\n\t\t<\/div>\n\t\t\t\t<div class=\"aux-parallax-section elementor-column elementor-col-50 elementor-inner-column elementor-element elementor-element-eda5088\" data-id=\"eda5088\" data-element_type=\"column\" data-e-type=\"column\">\n\t\t\t<div class=\"elementor-widget-wrap elementor-element-populated\">\n\t\t\t\t\t\t<div class=\"elementor-element elementor-element-0efd9b7 elementor-widget__width-initial elementor-widget elementor-widget-image\" data-id=\"0efd9b7\" data-element_type=\"widget\" data-e-type=\"widget\" data-widget_type=\"image.default\">\n\t\t\t\t<div class=\"elementor-widget-container\">\n\t\t\t\t\t\t\t\t\t\t\t\t\t\t\t<img decoding=\"async\" src=\"https:\/\/e-romnja.ro\/wp-content\/uploads\/elementor\/thumbs\/Florica-r2r9ap92k96hiu6gun9ba3eq6n810kjgdw0jqmi4jk.jpg\" title=\"Florica\" alt=\"Florica\" loading=\"lazy\" \/>\t\t\t\t\t\t\t\t\t\t\t\t\t\t\t<\/div>\n\t\t\t\t<\/div>\n\t\t\t\t\t<\/div>\n\t\t<\/div>\n\t\t\t\t\t<\/div>\n\t\t<\/section>\n\t\t\t\t<section class=\"elementor-section elementor-inner-section elementor-element elementor-element-925c5bc elementor-section-boxed elementor-section-height-default elementor-section-height-default\" data-id=\"925c5bc\" data-element_type=\"section\" data-e-type=\"section\">\n\t\t\t\t\t\t<div class=\"elementor-container elementor-column-gap-default\">\n\t\t\t\t\t<div class=\"aux-parallax-section elementor-column elementor-col-100 elementor-inner-column elementor-element elementor-element-bc4ef50\" data-id=\"bc4ef50\" data-element_type=\"column\" data-e-type=\"column\">\n\t\t\t<div class=\"elementor-widget-wrap elementor-element-populated\">\n\t\t\t\t\t\t<div class=\"elementor-element elementor-element-b7cb3b0 elementor-widget elementor-widget-text-editor\" data-id=\"b7cb3b0\" data-element_type=\"widget\" data-e-type=\"widget\" data-settings=\"{&quot;_animation&quot;:&quot;none&quot;}\" data-widget_type=\"text-editor.default\">\n\t\t\t\t<div class=\"elementor-widget-container\">\n\t\t\t\t\t\t\t\t\t<p>\u00cen 2019, Florica a fost b\u0103tut\u0103 de un \u0219ofer de autobuz (fost poli\u021bist), apoi c\u00e2nd a sunat la 112 pentru a cere ajutor, aceasta a fost blestemat\u0103, discriminat\u0103 \u0219i umilit\u0103 de operatoare.<\/p><p>\u0218i mai r\u0103u a fost c\u0103 atunci c\u00e2nd cazul a ajuns \u00een instan\u021b\u0103, sistemul de justi\u021bie din Rom\u00e2nia, elitist \u0219i inaccesibil femeilor rome, a g\u0103sit-o vinovat\u0103 pe Florica pentru tulburarea lini\u0219tii publice \u0219i a obligat-o la plata unei amenzi penale. Agresorul Floric\u0103i a sc\u0103pat doar cu suspendare.<\/p><p>Acum cinci ani, cu sprijinul vostru, am reu\u0219it s\u0103-i cump\u0103r\u0103m Floric\u0103i \u0219i copiilor s\u0103i o cas\u0103 \u00een satul Lupoaia, comuna Craica, jude\u0163ul S\u0103laj, unde locuie\u0219te \u00een continuare.<\/p><p>Florica are nevoie din nou de solidaritatea voastr\u0103.<\/p><p>Locuin\u021ba Floric\u0103i are nevoie de racordare la re\u021beaua public\u0103 de ap\u0103 potabil\u0103, cheltuieli care ajung la 3000 lei.\u00a0<\/p><p>Suma de 3000 lei este necesar\u0103 pentru efectuarea s\u0103p\u0103turilor, achizi\u021bionarea de \u021bevi \u0219i obiecte sanitare, \u0219i plata taxelor de racordare.<\/p><p>Dona\u021biile se pot transmite \u00een contul:<\/p>\t\t\t\t\t\t\t\t<\/div>\n\t\t\t\t<\/div>\n\t\t\t\t<div class=\"elementor-element elementor-element-e4501c6 elementor-widget elementor-widget-text-editor\" data-id=\"e4501c6\" data-element_type=\"widget\" data-e-type=\"widget\" data-settings=\"{&quot;_animation&quot;:&quot;none&quot;}\" data-widget_type=\"text-editor.default\">\n\t\t\t\t<div class=\"elementor-widget-container\">\n\t\t\t\t\t\t\t\t\t<p>IBAN:<strong> RO38RZBR 0000 0600 2105 7439<br \/><\/strong> (specifica\u021bi \u00een descriere<em> &#8222;pentru Florica&#8221;<\/em>)<\/p><p><strong>Asocia\u021bia E-Romnja<\/strong><\/p><p>CIF:<strong> 30579100<\/strong><\/p><p>\u00a0<\/p>\t\t\t\t\t\t\t\t<\/div>\n\t\t\t\t<\/div>\n\t\t\t\t<div class=\"elementor-element elementor-element-9e48f96 aux-appear-watch-animation aux-slide-from-right elementor-widget elementor-widget-aux_modern_heading\" data-id=\"9e48f96\" data-element_type=\"widget\" data-e-type=\"widget\" data-widget_type=\"aux_modern_heading.default\">\n\t\t\t\t<div class=\"elementor-widget-container\">\n\t\t\t\t\t<section class=\"aux-widget-modern-heading\">\n            <div class=\"aux-widget-inner\"><h4 class=\"aux-modern-heading-primary\">We thank every one of you for your trust and solidarity! <\/h4><\/div>\n        <\/section>\t\t\t\t<\/div>\n\t\t\t\t<\/div>\n\t\t\t\t\t<\/div>\n\t\t<\/div>\n\t\t\t\t\t<\/div>\n\t\t<\/section>\n\t\t\t\t<div class=\"elementor-element elementor-element-32958f6 elementor-widget-divider--view-line elementor-widget elementor-widget-divider\" data-id=\"32958f6\" data-element_type=\"widget\" data-e-type=\"widget\" data-widget_type=\"divider.default\">\n\t\t\t\t<div class=\"elementor-widget-container\">\n\t\t\t\t\t\t\t<div class=\"elementor-divider\">\n\t\t\t<span class=\"elementor-divider-separator\">\n\t\t\t\t\t\t<\/span>\n\t\t<\/div>\n\t\t\t\t\t\t<\/div>\n\t\t\t\t<\/div>\n\t\t\t\t\t<\/div>\n\t\t<\/div>\n\t\t\t\t\t<\/div>\n\t\t<\/section>\n\t\t\t\t<section class=\"elementor-section elementor-top-section elementor-element elementor-element-3b5e90fd elementor-section-boxed elementor-section-height-default elementor-section-height-default\" data-id=\"3b5e90fd\" data-element_type=\"section\" data-e-type=\"section\" data-settings=\"{&quot;background_background&quot;:&quot;classic&quot;}\">\n\t\t\t\t\t\t<div class=\"elementor-container elementor-column-gap-extended\">\n\t\t\t\t\t<div class=\"aux-parallax-section elementor-column elementor-col-50 elementor-top-column elementor-element elementor-element-33905851\" data-id=\"33905851\" data-element_type=\"column\" data-e-type=\"column\">\n\t\t\t<div class=\"elementor-widget-wrap elementor-element-populated\">\n\t\t\t\t\t\t<div class=\"elementor-element elementor-element-28f9404f text-bigger elementor-widget elementor-widget-heading\" data-id=\"28f9404f\" data-element_type=\"widget\" data-e-type=\"widget\" data-settings=\"{&quot;_animation&quot;:&quot;none&quot;}\" data-widget_type=\"heading.default\">\n\t\t\t\t<div class=\"elementor-widget-container\">\n\t\t\t\t\t<span class=\"elementor-heading-title elementor-size-default\">Other ways you can support us:<\/span>\t\t\t\t<\/div>\n\t\t\t\t<\/div>\n\t\t\t\t\t<\/div>\n\t\t<\/div>\n\t\t\t\t<div class=\"aux-parallax-section elementor-column elementor-col-50 elementor-top-column elementor-element elementor-element-335fee7a\" data-id=\"335fee7a\" data-element_type=\"column\" data-e-type=\"column\" data-settings=\"{&quot;animation&quot;:&quot;none&quot;}\">\n\t\t\t<div class=\"elementor-widget-wrap elementor-element-populated\">\n\t\t\t\t\t\t<div class=\"elementor-element elementor-element-5e7983dc elementor-align-left elementor-widget elementor-widget-button\" data-id=\"5e7983dc\" data-element_type=\"widget\" data-e-type=\"widget\" data-settings=\"{&quot;_animation&quot;:&quot;none&quot;}\" data-widget_type=\"button.default\">\n\t\t\t\t<div class=\"elementor-widget-container\">\n\t\t\t\t\t\t\t\t\t<div class=\"elementor-button-wrapper\">\n\t\t\t\t\t<a class=\"elementor-button elementor-button-link elementor-size-lg\" href=\"https:\/\/e-romnja.ro\/en\/doneaza\/\">\n\t\t\t\t\t\t<span class=\"elementor-button-content-wrapper\">\n\t\t\t\t\t\t\t\t\t<span class=\"elementor-button-text\">Donate<\/span>\n\t\t\t\t\t<\/span>\n\t\t\t\t\t<\/a>\n\t\t\t\t<\/div>\n\t\t\t\t\t\t\t\t<\/div>\n\t\t\t\t<\/div>\n\t\t\t\t<div class=\"elementor-element elementor-element-9958cf3 elementor-align-left elementor-widget elementor-widget-button\" data-id=\"9958cf3\" data-element_type=\"widget\" data-e-type=\"widget\" data-settings=\"{&quot;_animation&quot;:&quot;none&quot;}\" data-widget_type=\"button.default\">\n\t\t\t\t<div class=\"elementor-widget-container\">\n\t\t\t\t\t\t\t\t\t<div class=\"elementor-button-wrapper\">\n\t\t\t\t\t<a class=\"elementor-button elementor-button-link elementor-size-lg\" href=\"https:\/\/e-romnja.ro\/en\/doneaza\/transfer-bancar\/\" target=\"_blank\" rel=\"noopener noreferrer nofollow\">\n\t\t\t\t\t\t<span class=\"elementor-button-content-wrapper\">\n\t\t\t\t\t\t\t\t\t<span class=\"elementor-button-text\">Bank transfer<\/span>\n\t\t\t\t\t<\/span>\n\t\t\t\t\t<\/a>\n\t\t\t\t<\/div>\n\t\t\t\t\t\t\t\t<\/div>\n\t\t\t\t<\/div>\n\t\t\t\t<div class=\"elementor-element elementor-element-7698259a elementor-align-left elementor-widget elementor-widget-button\" data-id=\"7698259a\" data-element_type=\"widget\" data-e-type=\"widget\" data-widget_type=\"button.default\">\n\t\t\t\t<div class=\"elementor-widget-container\">\n\t\t\t\t\t\t\t\t\t<div class=\"elementor-button-wrapper\">\n\t\t\t\t\t<a class=\"elementor-button elementor-button-link elementor-size-lg\" href=\"https:\/\/e-romnja.ro\/en\/doneaza\/directioneaza-35\/\" target=\"_blank\" rel=\"noopener noreferrer nofollow\">\n\t\t\t\t\t\t<span class=\"elementor-button-content-wrapper\">\n\t\t\t\t\t\t\t\t\t<span class=\"elementor-button-text\">redirec\u021bioneaza 3,5%<\/span>\n\t\t\t\t\t<\/span>\n\t\t\t\t\t<\/a>\n\t\t\t\t<\/div>\n\t\t\t\t\t\t\t\t<\/div>\n\t\t\t\t<\/div>\n\t\t\t\t<div class=\"elementor-element elementor-element-3125f6ed elementor-align-left elementor-widget elementor-widget-button\" data-id=\"3125f6ed\" data-element_type=\"widget\" data-e-type=\"widget\" data-widget_type=\"button.default\">\n\t\t\t\t<div class=\"elementor-widget-container\">\n\t\t\t\t\t\t\t\t\t<div class=\"elementor-button-wrapper\">\n\t\t\t\t\t<a class=\"elementor-button elementor-button-link elementor-size-lg\" href=\"https:\/\/e-romnja.ro\/en\/doneaza\/directioneaza-20\/\">\n\t\t\t\t\t\t<span class=\"elementor-button-content-wrapper\">\n\t\t\t\t\t\t\t\t\t<span class=\"elementor-button-text\">redirec\u021bioneaza 20%<\/span>\n\t\t\t\t\t<\/span>\n\t\t\t\t\t<\/a>\n\t\t\t\t<\/div>\n\t\t\t\t\t\t\t\t<\/div>\n\t\t\t\t<\/div>\n\t\t\t\t<div class=\"elementor-element elementor-element-5ff17fb elementor-align-left elementor-widget elementor-widget-button\" data-id=\"5ff17fb\" data-element_type=\"widget\" data-e-type=\"widget\" data-widget_type=\"button.default\">\n\t\t\t\t<div class=\"elementor-widget-container\">\n\t\t\t\t\t\t\t\t\t<div class=\"elementor-button-wrapper\">\n\t\t\t\t\t<a class=\"elementor-button elementor-button-link elementor-size-lg\" href=\"https:\/\/www.paypal.com\/donate\/?hosted_button_id=H5FB3LNC2PYD2\" target=\"_blank\" rel=\"noopener noreferrer nofollow\">\n\t\t\t\t\t\t<span class=\"elementor-button-content-wrapper\">\n\t\t\t\t\t\t\t\t\t<span class=\"elementor-button-text\">Paypal<\/span>\n\t\t\t\t\t<\/span>\n\t\t\t\t\t<\/a>\n\t\t\t\t<\/div>\n\t\t\t\t\t\t\t\t<\/div>\n\t\t\t\t<\/div>\n\t\t\t\t<div class=\"elementor-element elementor-element-4ad0d679 elementor-align-left elementor-widget elementor-widget-button\" data-id=\"4ad0d679\" data-element_type=\"widget\" data-e-type=\"widget\" data-widget_type=\"button.default\">\n\t\t\t\t<div class=\"elementor-widget-container\">\n\t\t\t\t\t\t\t\t\t<div class=\"elementor-button-wrapper\">\n\t\t\t\t\t<a class=\"elementor-button elementor-button-link elementor-size-lg\" href=\"https:\/\/www.patreon.com\/eromnja\" target=\"_blank\" rel=\"noopener noreferrer nofollow\">\n\t\t\t\t\t\t<span class=\"elementor-button-content-wrapper\">\n\t\t\t\t\t\t\t\t\t<span class=\"elementor-button-text\">Patreon<\/span>\n\t\t\t\t\t<\/span>\n\t\t\t\t\t<\/a>\n\t\t\t\t<\/div>\n\t\t\t\t\t\t\t\t<\/div>\n\t\t\t\t<\/div>\n\t\t\t\t\t<\/div>\n\t\t<\/div>\n\t\t\t\t\t<\/div>\n\t\t<\/section>\n\t\t\t\t<\/div>","protected":false},"excerpt":{"rendered":"<p>Doneaz\u0103 pentru Florica \u00cen 2019, Florica a fost b\u0103tut\u0103 de un \u0219ofer de autobuz (fost poli\u021bist), apoi c\u00e2nd a sunat la 112 pentru a cere ajutor, aceasta a fost blestemat\u0103, discriminat\u0103 \u0219i umilit\u0103 de operatoare. \u0218i mai r\u0103u a fost c\u0103 atunci c\u00e2nd cazul a ajuns \u00een instan\u021b\u0103, sistemul de justi\u021bie din Rom\u00e2nia, elitist \u0219i [&hellip;]<\/p>\n","protected":false},"author":1,"featured_media":0,"parent":65,"menu_order":0,"comment_status":"closed","ping_status":"closed","template":"elementor_header_footer","meta":{"footnotes":"","_links_to":"","_links_to_target":""},"class_list":["post-3436","page","type-page","status-publish","hentry"],"yoast_head":"<!-- This site is optimized with the Yoast SEO plugin v27.5 - https:\/\/yoast.com\/product\/yoast-seo-wordpress\/ -->\n<title>Doneaz\u0103 pentru Florica - E-Romnja<\/title>\n<meta name=\"robots\" content=\"index, follow, max-snippet:-1, max-image-preview:large, max-video-preview:-1\" \/>\n<link rel=\"canonical\" href=\"https:\/\/e-romnja.ro\/en\/doneaza\/doneaza-pentru-florica\/\" \/>\n<meta property=\"og:locale\" content=\"en_US\" \/>\n<meta property=\"og:type\" content=\"article\" \/>\n<meta property=\"og:title\" content=\"Doneaz\u0103 pentru Florica - E-Romnja\" \/>\n<meta property=\"og:description\" content=\"Doneaz\u0103 pentru Florica \u00cen 2019, Florica a fost b\u0103tut\u0103 de un \u0219ofer de autobuz (fost poli\u021bist), apoi c\u00e2nd a sunat la 112 pentru a cere ajutor, aceasta a fost blestemat\u0103, discriminat\u0103 \u0219i umilit\u0103 de operatoare. \u0218i mai r\u0103u a fost c\u0103 atunci c\u00e2nd cazul a ajuns \u00een instan\u021b\u0103, sistemul de justi\u021bie din Rom\u00e2nia, elitist \u0219i [&hellip;]\" \/>\n<meta property=\"og:url\" content=\"https:\/\/e-romnja.ro\/en\/doneaza\/doneaza-pentru-florica\/\" \/>\n<meta property=\"og:site_name\" content=\"E-Romnja\" \/>\n<meta property=\"article:modified_time\" content=\"2025-03-12T15:31:36+00:00\" \/>\n<meta property=\"og:image\" content=\"https:\/\/e-romnja.ro\/wp-content\/uploads\/elementor\/thumbs\/Florica-r2r9ap92k96hiu6gun9ba3eq6n810kjgdw0jqmi4ju.jpg\" \/>\n<meta name=\"twitter:card\" content=\"summary_large_image\" \/>\n<meta name=\"twitter:label1\" content=\"Est. reading time\" \/>\n\t<meta name=\"twitter:data1\" content=\"1 minute\" \/>\n<script type=\"application\/ld+json\" class=\"yoast-schema-graph\">{\"@context\":\"https:\\\/\\\/schema.org\",\"@graph\":[{\"@type\":\"WebPage\",\"@id\":\"https:\\\/\\\/e-romnja.ro\\\/doneaza\\\/doneaza-pentru-florica\\\/\",\"url\":\"https:\\\/\\\/e-romnja.ro\\\/doneaza\\\/doneaza-pentru-florica\\\/\",\"name\":\"Doneaz\u0103 pentru Florica - E-Romnja\",\"isPartOf\":{\"@id\":\"https:\\\/\\\/e-romnja.ro\\\/#website\"},\"primaryImageOfPage\":{\"@id\":\"https:\\\/\\\/e-romnja.ro\\\/doneaza\\\/doneaza-pentru-florica\\\/#primaryimage\"},\"image\":{\"@id\":\"https:\\\/\\\/e-romnja.ro\\\/doneaza\\\/doneaza-pentru-florica\\\/#primaryimage\"},\"thumbnailUrl\":\"https:\\\/\\\/e-romnja.ro\\\/wp-content\\\/uploads\\\/elementor\\\/thumbs\\\/Florica-r2r9ap92k96hiu6gun9ba3eq6n810kjgdw0jqmi4ju.jpg\",\"datePublished\":\"2025-03-12T15:10:44+00:00\",\"dateModified\":\"2025-03-12T15:31:36+00:00\",\"breadcrumb\":{\"@id\":\"https:\\\/\\\/e-romnja.ro\\\/doneaza\\\/doneaza-pentru-florica\\\/#breadcrumb\"},\"inLanguage\":\"en-US\",\"potentialAction\":[{\"@type\":\"ReadAction\",\"target\":[\"https:\\\/\\\/e-romnja.ro\\\/doneaza\\\/doneaza-pentru-florica\\\/\"]}]},{\"@type\":\"ImageObject\",\"inLanguage\":\"en-US\",\"@id\":\"https:\\\/\\\/e-romnja.ro\\\/doneaza\\\/doneaza-pentru-florica\\\/#primaryimage\",\"url\":\"https:\\\/\\\/e-romnja.ro\\\/wp-content\\\/uploads\\\/elementor\\\/thumbs\\\/Florica-r2r9ap92k96hiu6gun9ba3eq6n810kjgdw0jqmi4ju.jpg\",\"contentUrl\":\"https:\\\/\\\/e-romnja.ro\\\/wp-content\\\/uploads\\\/elementor\\\/thumbs\\\/Florica-r2r9ap92k96hiu6gun9ba3eq6n810kjgdw0jqmi4ju.jpg\"},{\"@type\":\"BreadcrumbList\",\"@id\":\"https:\\\/\\\/e-romnja.ro\\\/doneaza\\\/doneaza-pentru-florica\\\/#breadcrumb\",\"itemListElement\":[{\"@type\":\"ListItem\",\"position\":1,\"name\":\"Prima pagin\u0103\",\"item\":\"https:\\\/\\\/e-romnja.ro\\\/\"},{\"@type\":\"ListItem\",\"position\":2,\"name\":\"Doneaz\u0103\",\"item\":\"https:\\\/\\\/e-romnja.ro\\\/doneaza\\\/\"},{\"@type\":\"ListItem\",\"position\":3,\"name\":\"Doneaz\u0103 pentru Florica\"}]},{\"@type\":\"WebSite\",\"@id\":\"https:\\\/\\\/e-romnja.ro\\\/#website\",\"url\":\"https:\\\/\\\/e-romnja.ro\\\/\",\"name\":\"E-Romnja\",\"description\":\"E-Romnja lupt\u0103 pentru respectul, integritatea \u0219i demnitatea femeilor rome.\",\"publisher\":{\"@id\":\"https:\\\/\\\/e-romnja.ro\\\/#organization\"},\"potentialAction\":[{\"@type\":\"SearchAction\",\"target\":{\"@type\":\"EntryPoint\",\"urlTemplate\":\"https:\\\/\\\/e-romnja.ro\\\/?s={search_term_string}\"},\"query-input\":{\"@type\":\"PropertyValueSpecification\",\"valueRequired\":true,\"valueName\":\"search_term_string\"}}],\"inLanguage\":\"en-US\"},{\"@type\":\"Organization\",\"@id\":\"https:\\\/\\\/e-romnja.ro\\\/#organization\",\"name\":\"E-Romnja\",\"url\":\"https:\\\/\\\/e-romnja.ro\\\/\",\"logo\":{\"@type\":\"ImageObject\",\"inLanguage\":\"en-US\",\"@id\":\"https:\\\/\\\/e-romnja.ro\\\/#\\\/schema\\\/logo\\\/image\\\/\",\"url\":\"https:\\\/\\\/e-romnja.ro\\\/wp-content\\\/uploads\\\/2020\\\/09\\\/cropped-e-romnja-1.jpg\",\"contentUrl\":\"https:\\\/\\\/e-romnja.ro\\\/wp-content\\\/uploads\\\/2020\\\/09\\\/cropped-e-romnja-1.jpg\",\"width\":150,\"height\":150,\"caption\":\"E-Romnja\"},\"image\":{\"@id\":\"https:\\\/\\\/e-romnja.ro\\\/#\\\/schema\\\/logo\\\/image\\\/\"}}]}<\/script>\n<!-- \/ Yoast SEO plugin. -->","yoast_head_json":{"title":"Doneaz\u0103 pentru Florica - E-Romnja","robots":{"index":"index","follow":"follow","max-snippet":"max-snippet:-1","max-image-preview":"max-image-preview:large","max-video-preview":"max-video-preview:-1"},"canonical":"https:\/\/e-romnja.ro\/en\/doneaza\/doneaza-pentru-florica\/","og_locale":"en_US","og_type":"article","og_title":"Doneaz\u0103 pentru Florica - E-Romnja","og_description":"Doneaz\u0103 pentru Florica \u00cen 2019, Florica a fost b\u0103tut\u0103 de un \u0219ofer de autobuz (fost poli\u021bist), apoi c\u00e2nd a sunat la 112 pentru a cere ajutor, aceasta a fost blestemat\u0103, discriminat\u0103 \u0219i umilit\u0103 de operatoare. \u0218i mai r\u0103u a fost c\u0103 atunci c\u00e2nd cazul a ajuns \u00een instan\u021b\u0103, sistemul de justi\u021bie din Rom\u00e2nia, elitist \u0219i [&hellip;]","og_url":"https:\/\/e-romnja.ro\/en\/doneaza\/doneaza-pentru-florica\/","og_site_name":"E-Romnja","article_modified_time":"2025-03-12T15:31:36+00:00","og_image":[{"url":"https:\/\/e-romnja.ro\/wp-content\/uploads\/elementor\/thumbs\/Florica-r2r9ap92k96hiu6gun9ba3eq6n810kjgdw0jqmi4ju.jpg","type":"","width":"","height":""}],"twitter_card":"summary_large_image","twitter_misc":{"Est. reading time":"1 minute"},"schema":{"@context":"https:\/\/schema.org","@graph":[{"@type":"WebPage","@id":"https:\/\/e-romnja.ro\/doneaza\/doneaza-pentru-florica\/","url":"https:\/\/e-romnja.ro\/doneaza\/doneaza-pentru-florica\/","name":"Doneaz\u0103 pentru Florica - E-Romnja","isPartOf":{"@id":"https:\/\/e-romnja.ro\/#website"},"primaryImageOfPage":{"@id":"https:\/\/e-romnja.ro\/doneaza\/doneaza-pentru-florica\/#primaryimage"},"image":{"@id":"https:\/\/e-romnja.ro\/doneaza\/doneaza-pentru-florica\/#primaryimage"},"thumbnailUrl":"https:\/\/e-romnja.ro\/wp-content\/uploads\/elementor\/thumbs\/Florica-r2r9ap92k96hiu6gun9ba3eq6n810kjgdw0jqmi4ju.jpg","datePublished":"2025-03-12T15:10:44+00:00","dateModified":"2025-03-12T15:31:36+00:00","breadcrumb":{"@id":"https:\/\/e-romnja.ro\/doneaza\/doneaza-pentru-florica\/#breadcrumb"},"inLanguage":"en-US","potentialAction":[{"@type":"ReadAction","target":["https:\/\/e-romnja.ro\/doneaza\/doneaza-pentru-florica\/"]}]},{"@type":"ImageObject","inLanguage":"en-US","@id":"https:\/\/e-romnja.ro\/doneaza\/doneaza-pentru-florica\/#primaryimage","url":"https:\/\/e-romnja.ro\/wp-content\/uploads\/elementor\/thumbs\/Florica-r2r9ap92k96hiu6gun9ba3eq6n810kjgdw0jqmi4ju.jpg","contentUrl":"https:\/\/e-romnja.ro\/wp-content\/uploads\/elementor\/thumbs\/Florica-r2r9ap92k96hiu6gun9ba3eq6n810kjgdw0jqmi4ju.jpg"},{"@type":"BreadcrumbList","@id":"https:\/\/e-romnja.ro\/doneaza\/doneaza-pentru-florica\/#breadcrumb","itemListElement":[{"@type":"ListItem","position":1,"name":"Prima pagin\u0103","item":"https:\/\/e-romnja.ro\/"},{"@type":"ListItem","position":2,"name":"Doneaz\u0103","item":"https:\/\/e-romnja.ro\/doneaza\/"},{"@type":"ListItem","position":3,"name":"Doneaz\u0103 pentru Florica"}]},{"@type":"WebSite","@id":"https:\/\/e-romnja.ro\/#website","url":"https:\/\/e-romnja.ro\/","name":"E-Romnja","description":"E-Romnja fights for the respect, integrity and dignity of Roma women.","publisher":{"@id":"https:\/\/e-romnja.ro\/#organization"},"potentialAction":[{"@type":"SearchAction","target":{"@type":"EntryPoint","urlTemplate":"https:\/\/e-romnja.ro\/?s={search_term_string}"},"query-input":{"@type":"PropertyValueSpecification","valueRequired":true,"valueName":"search_term_string"}}],"inLanguage":"en-US"},{"@type":"Organization","@id":"https:\/\/e-romnja.ro\/#organization","name":"E-Romnja","url":"https:\/\/e-romnja.ro\/","logo":{"@type":"ImageObject","inLanguage":"en-US","@id":"https:\/\/e-romnja.ro\/#\/schema\/logo\/image\/","url":"https:\/\/e-romnja.ro\/wp-content\/uploads\/2020\/09\/cropped-e-romnja-1.jpg","contentUrl":"https:\/\/e-romnja.ro\/wp-content\/uploads\/2020\/09\/cropped-e-romnja-1.jpg","width":150,"height":150,"caption":"E-Romnja"},"image":{"@id":"https:\/\/e-romnja.ro\/#\/schema\/logo\/image\/"}}]}},"_links":{"self":[{"href":"https:\/\/e-romnja.ro\/en\/wp-json\/wp\/v2\/pages\/3436","targetHints":{"allow":["GET"]}}],"collection":[{"href":"https:\/\/e-romnja.ro\/en\/wp-json\/wp\/v2\/pages"}],"about":[{"href":"https:\/\/e-romnja.ro\/en\/wp-json\/wp\/v2\/types\/page"}],"author":[{"embeddable":true,"href":"https:\/\/e-romnja.ro\/en\/wp-json\/wp\/v2\/users\/1"}],"replies":[{"embeddable":true,"href":"https:\/\/e-romnja.ro\/en\/wp-json\/wp\/v2\/comments?post=3436"}],"version-history":[{"count":5,"href":"https:\/\/e-romnja.ro\/en\/wp-json\/wp\/v2\/pages\/3436\/revisions"}],"predecessor-version":[{"id":3446,"href":"https:\/\/e-romnja.ro\/en\/wp-json\/wp\/v2\/pages\/3436\/revisions\/3446"}],"up":[{"embeddable":true,"href":"https:\/\/e-romnja.ro\/en\/wp-json\/wp\/v2\/pages\/65"}],"wp:attachment":[{"href":"https:\/\/e-romnja.ro\/en\/wp-json\/wp\/v2\/media?parent=3436"}],"curies":[{"name":"wp","href":"https:\/\/api.w.org\/{rel}","templated":true}]}}