{"id":3,"date":"2020-03-13T11:54:44","date_gmt":"2020-03-13T11:54:44","guid":{"rendered":"https:\/\/e-romnja.ro\/?page_id=3"},"modified":"2022-09-16T15:34:24","modified_gmt":"2022-09-16T13:34:24","slug":"politica-confidentialitate","status":"publish","type":"page","link":"https:\/\/e-romnja.ro\/en\/politica-confidentialitate\/","title":{"rendered":"Privacy Policy"},"content":{"rendered":"<div data-elementor-type=\"wp-page\" data-elementor-id=\"3\" class=\"elementor elementor-3\">\n\t\t\t\t\t\t<section class=\"elementor-section elementor-top-section elementor-element elementor-element-2cfdf63 elementor-section-boxed elementor-section-height-default elementor-section-height-default\" data-id=\"2cfdf63\" data-element_type=\"section\" data-e-type=\"section\" data-settings=\"{&quot;background_background&quot;:&quot;classic&quot;,&quot;animation&quot;:&quot;none&quot;}\">\n\t\t\t\t\t\t<div class=\"elementor-container elementor-column-gap-default\">\n\t\t\t\t\t<div class=\"aux-parallax-section elementor-column elementor-col-100 elementor-top-column elementor-element elementor-element-f1929c6\" data-id=\"f1929c6\" data-element_type=\"column\" data-e-type=\"column\">\n\t\t\t<div class=\"elementor-widget-wrap elementor-element-populated\">\n\t\t\t\t\t\t<section class=\"elementor-section elementor-inner-section elementor-element elementor-element-cd601f0 elementor-section-boxed elementor-section-height-default elementor-section-height-default\" data-id=\"cd601f0\" data-element_type=\"section\" data-e-type=\"section\">\n\t\t\t\t\t\t<div class=\"elementor-container elementor-column-gap-default\">\n\t\t\t\t\t<div class=\"aux-parallax-section elementor-column elementor-col-100 elementor-inner-column elementor-element elementor-element-d4f9559\" data-id=\"d4f9559\" data-element_type=\"column\" data-e-type=\"column\">\n\t\t\t<div class=\"elementor-widget-wrap elementor-element-populated\">\n\t\t\t\t\t\t<div class=\"elementor-element elementor-element-88bdf46 elementor-widget elementor-widget-heading\" data-id=\"88bdf46\" data-element_type=\"widget\" data-e-type=\"widget\" data-widget_type=\"heading.default\">\n\t\t\t\t<div class=\"elementor-widget-container\">\n\t\t\t\t\t<h2 class=\"elementor-heading-title elementor-size-default\">Privacy Policy<\/h2>\t\t\t\t<\/div>\n\t\t\t\t<\/div>\n\t\t\t\t<div class=\"elementor-element elementor-element-267b32f elementor-widget elementor-widget-text-editor\" data-id=\"267b32f\" data-element_type=\"widget\" data-e-type=\"widget\" data-widget_type=\"text-editor.default\">\n\t\t\t\t<div class=\"elementor-widget-container\">\n\t\t\t\t\t\t\t\t\t<p style=\"text-align: right;\">Ultima actualizare: 15.09.2021<\/p>\t\t\t\t\t\t\t\t<\/div>\n\t\t\t\t<\/div>\n\t\t\t\t\t<\/div>\n\t\t<\/div>\n\t\t\t\t\t<\/div>\n\t\t<\/section>\n\t\t\t\t<div class=\"elementor-element elementor-element-2fbceb3b elementor-widget elementor-widget-text-editor\" data-id=\"2fbceb3b\" data-element_type=\"widget\" data-e-type=\"widget\" data-widget_type=\"text-editor.default\">\n\t\t\t\t<div class=\"elementor-widget-container\">\n\t\t\t\t\t\t\t\t\t<div><article><div><p><strong>A. Introduction<\/strong><\/p><ol><li>Our website's address is <em>e-romnja.ro<\/em>.<\/li><li><em>e-romnja.ro<\/em> and all subdomains are owned by E-Romnja Association, fiscal code: 305 79 100. \"We\" refers here to E-Romnja Association.<\/li><li>The privacy of our website visitors is very important to us and we are committed to protecting it. This policy explains what we will do with your personal information.<\/li><li>Website-ul nostru folose\u0219te tehnologii de tip cookies la momentul actualiz\u0103rii acestei politic. Po\u021bi citi<a href=\"https:\/\/e-romnja.ro\/en\/politica-de-cookies\/\"> politica noastr\u0103 de cookies aici<\/a>.<\/li><li>Acest site colecteaza date personale prin intermediul formularului de pe <a href=\"https:\/\/e-romnja.ro\/en\/contact\/\" target=\"_blank\" rel=\"noopener noreferrer nofollow\">the Contact page.<\/a><\/li><\/ol><p><strong>B. Credit<\/strong><br \/>Acest document a fost creat folosind un \u0219ablon de la SEQ Legal (<a href=\"https:\/\/seqlegal.com\/\" target=\"_blank\" rel=\"noopener noreferrer nofollow\">seqlegal.com<\/a>) \u0219i modificat de c\u0103tre Website Planet (<a href=\"https:\/\/www.websiteplanet.com\" target=\"_blank\" rel=\"noopener noreferrer nofollow\">www.websiteplanet.com<\/a>)<\/p><p><strong>C. Collection of personal information<\/strong><\/p><p>The following types of personal information may be collected, stored and used:<\/p><ol><li>computer information, including IP address, geographic location, browser type and version, and operating system;<\/li><li>information about visits and use of this website, including the source of recommendation, duration of the visit, page views and navigation paths on the website;<\/li><li>information such as your name and email address, which you enter to set up subscriptions to our emails and\/or newsletters;<\/li><li>information you enter while using the services on our website;<\/li><li>information that is generated while you use our website, including when, how often and under what circumstances you use it;<\/li><li>the information you post on our website with the intention of publishing it on the internet, which may include your username, profile pictures and the content of the posts;<\/li><li>information contained in any communications you send us by e-mail or through our website, including the content of the communications and their metadata;<\/li><li>any other personal information you send us.<\/li><\/ol><p><strong>D. Use of your personal information<\/strong><\/p><p>The personal information transmitted through our website will be used for the purposes specified by this policy or in the respective pages of the website. We may use your personal information to:<\/p><ol><li>customizing our website for you;<\/li><li>authorization to use the services available on our website;<\/li><li>providing the services purchased through our website;<\/li><li>sending reports, invoices and payment notifications to you and collecting payments from you;<\/li><li>sending commercial communications for information;<\/li><li>sending by e-mail notifications expressly requested;<\/li><li>sending our newsletter by e-mail, if you have requested it (you can inform us at any time if you no longer wish this communication);<\/li><li>providing third parties with statistical information about our users (these third parties will not be able to identify any users with this information);<\/li><li>addressing requests and complaints made by you or about you regarding our website;<\/li><li>maintaining the security of our website and preventing fraud;<\/li><li>verifying compliance with the terms and conditions governing the use of our website (including monitoring of private messages sent through our private messaging service); and<\/li><li>other uses.<\/li><\/ol><p>If you submit personal information for publication on our website, we will publish and use this information in accordance with the scope of the agreement you provide to us.<\/p><p>Privacy settings may be used to limit the publication of your information on our website and may be changed using the privacy switches on the website.<\/p><p>Without your express consent, we will not provide your personal information to third parties for direct marketing by those third parties or any other third party.<\/p><p><strong>E. Disclosure of personal information<\/strong><\/p><p>We may disclose your personal information to any of our employees, officers, insurers, professional advisers, agencies, suppliers or subcontractors as reasonably required for the purposes of this policy.<\/p><p>We may disclose your personal information to any member of our group of companies (this includes our subsidiaries, parent company and all of its subsidiaries) as reasonably necessary for the purposes set out in this policy.<\/p><p>We may disclose your personal information:<\/p><ol><li>to the extent required by law;<\/li><li>in connection with any potential or ongoing legal proceedings;<\/li><li>to establish, exercise or defend our legal rights (including the provision of information to third parties for the purpose of preventing fraud and reducing credit risk);<\/li><li>to the buyer (or potential buyer) of any business or property we have sold (or plan to sell); and<\/li><li>to any person we reasonably consider that he or she may apply to a court or other authority competent for the disclosure of personal information if, in our reasonable opinion, such court or authority could order the disclosure of personal information.<\/li><\/ol><p>Except as provided in this policy, we will not provide your personal information to third parties.<\/p><p><strong>F. International data transfers<\/strong><\/p><ol><li>The information we collect may be stored, processed and transferred between any of the countries in which we operate to enable us to use the information in accordance with this policy.<\/li><li>The information collected may be transferred between the following countries that have not established personal data protection laws equivalent to those in force in the European Economic Area: United States of America, Russia, Japan, China and India.<\/li><li>The personal information you post on our website or submit for publication on our website may be available online worldwide. We cannot prevent the use or misuse of this information by others.<\/li><li>You expressly agree to the transfers of personal information described in this Section (F).<\/li><\/ol><p><strong>G. Retention of personal information<\/strong><\/p><ol><li>1. This Section G sets out our data retention policies and procedures, which are designed to help ensure compliance with our legal obligations regarding the retention and deletion of personal information.<\/li><li>The personal information we process for any purpose or purposes will not be kept longer than is necessary for that purpose or purposes.<\/li><li>Notwithstanding the other provisions of this Section G, we will keep documents (including electronic documents) that contain personal data:<br \/><ol type=\"a\"><li>to the extent required by law;<\/li><li>whether we consider that the documents may be relevant to any ongoing or future legal proceedings; and<\/li><li>to establish, exercise or defend our legal rights (including the provision of information to third parties for the purpose of preventing fraud and reducing credit risk);<\/li><\/ol><\/li><\/ol><p><strong>H. Security of your personal information<\/strong><\/p><ol><li>We will take reasonable technical and organizational precautions to prevent the loss, misuse or alteration of your personal information.<\/li><li>We will store all personal information you provide on our secure servers (password and firewall protected).<\/li><li>All electronic financial transactions concluded through our website will be protected by encryption technology.<\/li><li>You are aware that the transmission of information over the Internet is usually unsafe and we cannot guarantee the security of data sent over the Internet.<\/li><li>You are responsible for maintaining the confidentiality of the password you use to access our website; we will never ask you for your password (except when you log in to our website).<\/li><\/ol><p><strong>I. Changes<\/strong><\/p><p>We reserve the right to update this policy from time to time by posting a new version on our website. You should check this page from time to time to ensure that you understand any changes to this policy. We may notify you of changes to this policy by email or through the private messaging system on our website.<\/p><p><strong>J. Your rights<\/strong><\/p><p>You may ask us to provide you with any personal information we hold about you; the provision of this information will be subject to the following terms:<\/p><ol><li>For free<\/li><li>By providing sufficient evidence of your identity.<\/li><\/ol><p>We may retain the personal information you request to the extent permitted by law.<\/p><p>You may ask us at any time not to process your personal information for marketing purposes.<\/p><p><strong>K. Third party sites<\/strong><\/p><p>Our site includes hyperlinks to and details about third party sites. We have no control over and are not responsible for the privacy policies and practices of third parties.<\/p><p><strong>L. Updating information<\/strong><\/p><p>Please let us know if the personal information we hold about you needs to be corrected or updated.<\/p><\/div><div>\u00a0<\/div><\/article><\/div>\t\t\t\t\t\t\t\t<\/div>\n\t\t\t\t<\/div>\n\t\t\t\t<div class=\"elementor-element elementor-element-544c6da elementor-widget-divider--view-line elementor-widget elementor-widget-divider\" data-id=\"544c6da\" data-element_type=\"widget\" data-e-type=\"widget\" data-widget_type=\"divider.default\">\n\t\t\t\t<div class=\"elementor-widget-container\">\n\t\t\t\t\t\t\t<div class=\"elementor-divider\">\n\t\t\t<span class=\"elementor-divider-separator\">\n\t\t\t\t\t\t<\/span>\n\t\t<\/div>\n\t\t\t\t\t\t<\/div>\n\t\t\t\t<\/div>\n\t\t\t\t\t<\/div>\n\t\t<\/div>\n\t\t\t\t\t<\/div>\n\t\t<\/section>\n\t\t\t\t<section class=\"elementor-section elementor-top-section elementor-element elementor-element-214c0023 elementor-section-boxed elementor-section-height-default elementor-section-height-default\" data-id=\"214c0023\" data-element_type=\"section\" data-e-type=\"section\">\n\t\t\t\t\t\t<div class=\"elementor-container elementor-column-gap-default\">\n\t\t\t\t\t<div class=\"aux-parallax-section elementor-column elementor-col-100 elementor-top-column elementor-element elementor-element-f5814d6\" data-id=\"f5814d6\" data-element_type=\"column\" data-e-type=\"column\">\n\t\t\t<div class=\"elementor-widget-wrap\">\n\t\t\t\t\t\t\t<\/div>\n\t\t<\/div>\n\t\t\t\t\t<\/div>\n\t\t<\/section>\n\t\t\t\t<\/div>","protected":false},"excerpt":{"rendered":"<p>Politica de confiden\u021bialitate Ultima actualizare: 15.09.2021 A. Introducere Adresa website-ului nostru este e-romnja.ro. e-romnja.ro \u0219i subdomeniile aferente sunt de\u021binute de Asocia\u021bia E-Romnja, Cod fiscal: 305 79 100. &#8222;Noi&#8221; se refer\u0103 la Asocia\u021bia E-Romnja. Confiden\u021bialitatea vizitatorilor website-ului nostru este foarte important\u0103 pentru noi \u0219i ne lu\u0103m angajamentul s\u0103 o protej\u0103m. Aceast\u0103 politic\u0103 explic\u0103 ce vom face [&hellip;]<\/p>\n","protected":false},"author":1,"featured_media":0,"parent":0,"menu_order":0,"comment_status":"closed","ping_status":"open","template":"elementor_header_footer","meta":{"footnotes":"","_links_to":"","_links_to_target":""},"class_list":["post-3","page","type-page","status-publish","hentry"],"yoast_head":"<!-- This site is optimized with the Yoast SEO plugin v27.4 - https:\/\/yoast.com\/product\/yoast-seo-wordpress\/ -->\n<title>Politic\u0103 de confiden\u021bialitate - E-Romnja<\/title>\n<meta name=\"robots\" content=\"index, follow, max-snippet:-1, max-image-preview:large, max-video-preview:-1\" \/>\n<link rel=\"canonical\" href=\"https:\/\/e-romnja.ro\/en\/politica-confidentialitate\/\" \/>\n<meta property=\"og:locale\" content=\"en_US\" \/>\n<meta property=\"og:type\" content=\"article\" \/>\n<meta property=\"og:title\" content=\"Politic\u0103 de confiden\u021bialitate - E-Romnja\" \/>\n<meta property=\"og:description\" content=\"Politica de confiden\u021bialitate Ultima actualizare: 15.09.2021 A. Introducere Adresa website-ului nostru este e-romnja.ro. e-romnja.ro \u0219i subdomeniile aferente sunt de\u021binute de Asocia\u021bia E-Romnja, Cod fiscal: 305 79 100. &#8222;Noi&#8221; se refer\u0103 la Asocia\u021bia E-Romnja. Confiden\u021bialitatea vizitatorilor website-ului nostru este foarte important\u0103 pentru noi \u0219i ne lu\u0103m angajamentul s\u0103 o protej\u0103m. Aceast\u0103 politic\u0103 explic\u0103 ce vom face [&hellip;]\" \/>\n<meta property=\"og:url\" content=\"https:\/\/e-romnja.ro\/en\/politica-confidentialitate\/\" \/>\n<meta property=\"og:site_name\" content=\"E-Romnja\" \/>\n<meta property=\"article:modified_time\" content=\"2022-09-16T13:34:24+00:00\" \/>\n<meta name=\"twitter:card\" content=\"summary_large_image\" \/>\n<meta name=\"twitter:label1\" content=\"Est. reading time\" \/>\n\t<meta name=\"twitter:data1\" content=\"8 minutes\" \/>\n<script type=\"application\/ld+json\" class=\"yoast-schema-graph\">{\"@context\":\"https:\\\/\\\/schema.org\",\"@graph\":[{\"@type\":\"WebPage\",\"@id\":\"https:\\\/\\\/e-romnja.ro\\\/politica-confidentialitate\\\/\",\"url\":\"https:\\\/\\\/e-romnja.ro\\\/politica-confidentialitate\\\/\",\"name\":\"Politic\u0103 de confiden\u021bialitate - E-Romnja\",\"isPartOf\":{\"@id\":\"https:\\\/\\\/e-romnja.ro\\\/#website\"},\"datePublished\":\"2020-03-13T11:54:44+00:00\",\"dateModified\":\"2022-09-16T13:34:24+00:00\",\"breadcrumb\":{\"@id\":\"https:\\\/\\\/e-romnja.ro\\\/politica-confidentialitate\\\/#breadcrumb\"},\"inLanguage\":\"en-US\",\"potentialAction\":[{\"@type\":\"ReadAction\",\"target\":[\"https:\\\/\\\/e-romnja.ro\\\/politica-confidentialitate\\\/\"]}]},{\"@type\":\"BreadcrumbList\",\"@id\":\"https:\\\/\\\/e-romnja.ro\\\/politica-confidentialitate\\\/#breadcrumb\",\"itemListElement\":[{\"@type\":\"ListItem\",\"position\":1,\"name\":\"Prima pagin\u0103\",\"item\":\"https:\\\/\\\/e-romnja.ro\\\/\"},{\"@type\":\"ListItem\",\"position\":2,\"name\":\"Politic\u0103 de confiden\u021bialitate\"}]},{\"@type\":\"WebSite\",\"@id\":\"https:\\\/\\\/e-romnja.ro\\\/#website\",\"url\":\"https:\\\/\\\/e-romnja.ro\\\/\",\"name\":\"E-Romnja\",\"description\":\"E-Romnja lupt\u0103 pentru respectul, integritatea \u0219i demnitatea femeilor rome.\",\"publisher\":{\"@id\":\"https:\\\/\\\/e-romnja.ro\\\/#organization\"},\"potentialAction\":[{\"@type\":\"SearchAction\",\"target\":{\"@type\":\"EntryPoint\",\"urlTemplate\":\"https:\\\/\\\/e-romnja.ro\\\/?s={search_term_string}\"},\"query-input\":{\"@type\":\"PropertyValueSpecification\",\"valueRequired\":true,\"valueName\":\"search_term_string\"}}],\"inLanguage\":\"en-US\"},{\"@type\":\"Organization\",\"@id\":\"https:\\\/\\\/e-romnja.ro\\\/#organization\",\"name\":\"E-Romnja\",\"url\":\"https:\\\/\\\/e-romnja.ro\\\/\",\"logo\":{\"@type\":\"ImageObject\",\"inLanguage\":\"en-US\",\"@id\":\"https:\\\/\\\/e-romnja.ro\\\/#\\\/schema\\\/logo\\\/image\\\/\",\"url\":\"https:\\\/\\\/e-romnja.ro\\\/wp-content\\\/uploads\\\/2020\\\/09\\\/cropped-e-romnja-1.jpg\",\"contentUrl\":\"https:\\\/\\\/e-romnja.ro\\\/wp-content\\\/uploads\\\/2020\\\/09\\\/cropped-e-romnja-1.jpg\",\"width\":150,\"height\":150,\"caption\":\"E-Romnja\"},\"image\":{\"@id\":\"https:\\\/\\\/e-romnja.ro\\\/#\\\/schema\\\/logo\\\/image\\\/\"}}]}<\/script>\n<!-- \/ Yoast SEO plugin. -->","yoast_head_json":{"title":"Politic\u0103 de confiden\u021bialitate - E-Romnja","robots":{"index":"index","follow":"follow","max-snippet":"max-snippet:-1","max-image-preview":"max-image-preview:large","max-video-preview":"max-video-preview:-1"},"canonical":"https:\/\/e-romnja.ro\/en\/politica-confidentialitate\/","og_locale":"en_US","og_type":"article","og_title":"Politic\u0103 de confiden\u021bialitate - E-Romnja","og_description":"Politica de confiden\u021bialitate Ultima actualizare: 15.09.2021 A. Introducere Adresa website-ului nostru este e-romnja.ro. e-romnja.ro \u0219i subdomeniile aferente sunt de\u021binute de Asocia\u021bia E-Romnja, Cod fiscal: 305 79 100. &#8222;Noi&#8221; se refer\u0103 la Asocia\u021bia E-Romnja. Confiden\u021bialitatea vizitatorilor website-ului nostru este foarte important\u0103 pentru noi \u0219i ne lu\u0103m angajamentul s\u0103 o protej\u0103m. Aceast\u0103 politic\u0103 explic\u0103 ce vom face [&hellip;]","og_url":"https:\/\/e-romnja.ro\/en\/politica-confidentialitate\/","og_site_name":"E-Romnja","article_modified_time":"2022-09-16T13:34:24+00:00","twitter_card":"summary_large_image","twitter_misc":{"Est. reading time":"8 minutes"},"schema":{"@context":"https:\/\/schema.org","@graph":[{"@type":"WebPage","@id":"https:\/\/e-romnja.ro\/politica-confidentialitate\/","url":"https:\/\/e-romnja.ro\/politica-confidentialitate\/","name":"Politic\u0103 de confiden\u021bialitate - E-Romnja","isPartOf":{"@id":"https:\/\/e-romnja.ro\/#website"},"datePublished":"2020-03-13T11:54:44+00:00","dateModified":"2022-09-16T13:34:24+00:00","breadcrumb":{"@id":"https:\/\/e-romnja.ro\/politica-confidentialitate\/#breadcrumb"},"inLanguage":"en-US","potentialAction":[{"@type":"ReadAction","target":["https:\/\/e-romnja.ro\/politica-confidentialitate\/"]}]},{"@type":"BreadcrumbList","@id":"https:\/\/e-romnja.ro\/politica-confidentialitate\/#breadcrumb","itemListElement":[{"@type":"ListItem","position":1,"name":"Prima pagin\u0103","item":"https:\/\/e-romnja.ro\/"},{"@type":"ListItem","position":2,"name":"Politic\u0103 de confiden\u021bialitate"}]},{"@type":"WebSite","@id":"https:\/\/e-romnja.ro\/#website","url":"https:\/\/e-romnja.ro\/","name":"E-Romnja","description":"E-Romnja fights for the respect, integrity and dignity of Roma women.","publisher":{"@id":"https:\/\/e-romnja.ro\/#organization"},"potentialAction":[{"@type":"SearchAction","target":{"@type":"EntryPoint","urlTemplate":"https:\/\/e-romnja.ro\/?s={search_term_string}"},"query-input":{"@type":"PropertyValueSpecification","valueRequired":true,"valueName":"search_term_string"}}],"inLanguage":"en-US"},{"@type":"Organization","@id":"https:\/\/e-romnja.ro\/#organization","name":"E-Romnja","url":"https:\/\/e-romnja.ro\/","logo":{"@type":"ImageObject","inLanguage":"en-US","@id":"https:\/\/e-romnja.ro\/#\/schema\/logo\/image\/","url":"https:\/\/e-romnja.ro\/wp-content\/uploads\/2020\/09\/cropped-e-romnja-1.jpg","contentUrl":"https:\/\/e-romnja.ro\/wp-content\/uploads\/2020\/09\/cropped-e-romnja-1.jpg","width":150,"height":150,"caption":"E-Romnja"},"image":{"@id":"https:\/\/e-romnja.ro\/#\/schema\/logo\/image\/"}}]}},"_links":{"self":[{"href":"https:\/\/e-romnja.ro\/en\/wp-json\/wp\/v2\/pages\/3","targetHints":{"allow":["GET"]}}],"collection":[{"href":"https:\/\/e-romnja.ro\/en\/wp-json\/wp\/v2\/pages"}],"about":[{"href":"https:\/\/e-romnja.ro\/en\/wp-json\/wp\/v2\/types\/page"}],"author":[{"embeddable":true,"href":"https:\/\/e-romnja.ro\/en\/wp-json\/wp\/v2\/users\/1"}],"replies":[{"embeddable":true,"href":"https:\/\/e-romnja.ro\/en\/wp-json\/wp\/v2\/comments?post=3"}],"version-history":[{"count":5,"href":"https:\/\/e-romnja.ro\/en\/wp-json\/wp\/v2\/pages\/3\/revisions"}],"predecessor-version":[{"id":2595,"href":"https:\/\/e-romnja.ro\/en\/wp-json\/wp\/v2\/pages\/3\/revisions\/2595"}],"wp:attachment":[{"href":"https:\/\/e-romnja.ro\/en\/wp-json\/wp\/v2\/media?parent=3"}],"curies":[{"name":"wp","href":"https:\/\/api.w.org\/{rel}","templated":true}]}}