{"id":2691,"date":"2023-03-02T12:12:51","date_gmt":"2023-03-02T10:12:51","guid":{"rendered":"https:\/\/e-romnja.ro\/?page_id=2691"},"modified":"2026-03-09T16:38:03","modified_gmt":"2026-03-09T14:38:03","slug":"romnja-power-month","status":"publish","type":"page","link":"https:\/\/e-romnja.ro\/en\/romnja-power-month\/","title":{"rendered":"Romnja Power Month"},"content":{"rendered":"<div data-elementor-type=\"wp-post\" data-elementor-id=\"2691\" class=\"elementor elementor-2691\">\n\t\t\t\t\t\t<section class=\"elementor-section elementor-top-section elementor-element elementor-element-4e0d841 elementor-section-boxed elementor-section-height-default elementor-section-height-default\" data-id=\"4e0d841\" data-element_type=\"section\" data-e-type=\"section\" data-settings=\"{&quot;background_background&quot;:&quot;classic&quot;,&quot;animation&quot;:&quot;none&quot;}\">\n\t\t\t\t\t\t<div class=\"elementor-container elementor-column-gap-default\">\n\t\t\t\t\t<div class=\"aux-parallax-section elementor-column elementor-col-100 elementor-top-column elementor-element elementor-element-6cd142a\" data-id=\"6cd142a\" data-element_type=\"column\" data-e-type=\"column\">\n\t\t\t<div class=\"elementor-widget-wrap elementor-element-populated\">\n\t\t\t\t\t\t<div class=\"elementor-element elementor-element-86a29fc elementor-widget elementor-widget-heading\" data-id=\"86a29fc\" data-element_type=\"widget\" data-e-type=\"widget\" data-widget_type=\"heading.default\">\n\t\t\t\t<div class=\"elementor-widget-container\">\n\t\t\t\t\t<h2 class=\"elementor-heading-title elementor-size-default\">Romnja Power Month<\/h2>\t\t\t\t<\/div>\n\t\t\t\t<\/div>\n\t\t\t\t<div class=\"elementor-element elementor-element-4eaac21 elementor-arrows-position-inside elementor-pagination-position-outside elementor-widget elementor-widget-image-carousel\" data-id=\"4eaac21\" data-element_type=\"widget\" data-e-type=\"widget\" data-settings=\"{&quot;slides_to_show&quot;:&quot;1&quot;,&quot;navigation&quot;:&quot;both&quot;,&quot;autoplay&quot;:&quot;yes&quot;,&quot;pause_on_hover&quot;:&quot;yes&quot;,&quot;pause_on_interaction&quot;:&quot;yes&quot;,&quot;autoplay_speed&quot;:5000,&quot;infinite&quot;:&quot;yes&quot;,&quot;effect&quot;:&quot;slide&quot;,&quot;speed&quot;:500}\" data-widget_type=\"image-carousel.default\">\n\t\t\t\t<div class=\"elementor-widget-container\">\n\t\t\t\t\t\t\t<div class=\"elementor-image-carousel-wrapper swiper\" role=\"region\" aria-roledescription=\"carousel\" aria-label=\"Carusel de imagini\" dir=\"ltr\">\n\t\t\t<div class=\"elementor-image-carousel swiper-wrapper\" aria-live=\"off\">\n\t\t\t\t\t\t\t\t<div class=\"swiper-slide\" role=\"group\" aria-roledescription=\"slide\" aria-label=\"1 of 7\" data-no-translation-aria-label=\"\"><figure class=\"swiper-slide-inner\"><img decoding=\"async\" class=\"swiper-slide-image\" src=\"https:\/\/e-romnja.ro\/wp-content\/uploads\/elementor\/thumbs\/1-rk9btpolsmz8kwwpu2ycltt622v6o16ymohx0zl4kw.png\" alt=\"1\" \/><\/figure><\/div><div class=\"swiper-slide\" role=\"group\" aria-roledescription=\"slide\" aria-label=\"2 of 7\" data-no-translation-aria-label=\"\"><figure class=\"swiper-slide-inner\"><img decoding=\"async\" class=\"swiper-slide-image\" src=\"https:\/\/e-romnja.ro\/wp-content\/uploads\/elementor\/thumbs\/2-rk9bstq3c9rhm6750p5191vhuz8pebo36abepkwigg.png\" alt=\"2\" \/><\/figure><\/div><div class=\"swiper-slide\" role=\"group\" aria-roledescription=\"slide\" aria-label=\"3 of 7\" data-no-translation-aria-label=\"\"><figure class=\"swiper-slide-inner\"><img decoding=\"async\" class=\"swiper-slide-image\" src=\"https:\/\/e-romnja.ro\/wp-content\/uploads\/elementor\/thumbs\/3-rk9bszd4h9z7jtyy3rkso0g9fagwoiah728bl8o5f4.png\" alt=\"3\" \/><\/figure><\/div><div class=\"swiper-slide\" role=\"group\" aria-roledescription=\"slide\" aria-label=\"4 of 7\" data-no-translation-aria-label=\"\"><figure class=\"swiper-slide-inner\"><img decoding=\"async\" class=\"swiper-slide-image\" src=\"https:\/\/e-romnja.ro\/wp-content\/uploads\/elementor\/thumbs\/4-rk9bt42bfg5n5vs4cblxih9ke7tqqzt4vphqzmh6k0.png\" alt=\"4\" \/><\/figure><\/div><div class=\"swiper-slide\" role=\"group\" aria-roledescription=\"slide\" aria-label=\"5 of 7\" data-no-translation-aria-label=\"\"><figure class=\"swiper-slide-inner\"><img decoding=\"async\" class=\"swiper-slide-image\" src=\"https:\/\/e-romnja.ro\/wp-content\/uploads\/elementor\/thumbs\/5-rk9bt8ridmc2rxlakvn2cy2vd56kthbskcr6e0a7ow.png\" alt=\"5\" \/><\/figure><\/div><div class=\"swiper-slide\" role=\"group\" aria-roledescription=\"slide\" aria-label=\"6 of 7\" data-no-translation-aria-label=\"\"><figure class=\"swiper-slide-inner\"><img decoding=\"async\" class=\"swiper-slide-image\" src=\"https:\/\/e-romnja.ro\/wp-content\/uploads\/elementor\/thumbs\/6-rk9bteejimjspld3ny2trwnmxges3ny6l4o39o1unk.png\" alt=\"6\" \/><\/figure><\/div><div class=\"swiper-slide\" role=\"group\" aria-roledescription=\"slide\" aria-label=\"7 of 7\" data-no-translation-aria-label=\"\"><figure class=\"swiper-slide-inner\"><img decoding=\"async\" class=\"swiper-slide-image\" src=\"https:\/\/e-romnja.ro\/wp-content\/uploads\/elementor\/thumbs\/7-rk9btk1knmrin94wr0il6v8ehrmzdukklwl05bthm8.png\" alt=\"7\" \/><\/figure><\/div>\t\t\t<\/div>\n\t\t\t\t\t\t\t\t\t\t\t\t<div class=\"elementor-swiper-button elementor-swiper-button-prev\" role=\"button\" tabindex=\"0\">\n\t\t\t\t\t\t<i aria-hidden=\"true\" class=\"eicon-chevron-left\"><\/i>\t\t\t\t\t<\/div>\n\t\t\t\t\t<div class=\"elementor-swiper-button elementor-swiper-button-next\" role=\"button\" tabindex=\"0\">\n\t\t\t\t\t\t<i aria-hidden=\"true\" class=\"eicon-chevron-right\"><\/i>\t\t\t\t\t<\/div>\n\t\t\t\t\n\t\t\t\t\t\t\t\t\t<div class=\"swiper-pagination\"><\/div>\n\t\t\t\t\t\t\t\t\t<\/div>\n\t\t\t\t\t\t<\/div>\n\t\t\t\t<\/div>\n\t\t\t\t<div class=\"elementor-element elementor-element-d7c7a9a elementor-widget elementor-widget-text-editor\" data-id=\"d7c7a9a\" data-element_type=\"widget\" data-e-type=\"widget\" data-widget_type=\"text-editor.default\">\n\t\t\t\t<div class=\"elementor-widget-container\">\n\t\t\t\t\t\t\t\t\t<p>\u00cen perioada 8 martie \u2013 8 aprilie 2026, organiz\u0103m <b>Romnja Power Month<\/b>, un concept umbrel\u0103 care se \u00eent\u00e2mpl\u0103 la nivel european \u00eenc\u0103 din 2016 \u00een \u021b\u0103ri precum Germania, Serbia sau Austria.<\/p><p>R<b>omnja Power Month<\/b> const\u0103 \u00eentr-o serie de evenimente, dezbateri, activit\u0103\u021bi culturale, concerte \u0219i petreceri organizate cu scopul de a cre\u0219te vizibilitatea femeilor rome \u00een diferite sfere, cum ar fi art\u0103, cultur\u0103, politic\u0103, munc\u0103 \u00een comunitate, activism, mediul academic, etc.<\/p><p>Am preluat conceptul <b>Romnja Power Month<\/b> de la surorile noastre feministe rome de la <a href=\"https:\/\/www.romnja-power.de\/\" target=\"_blank\" rel=\"noopener noreferrer nofollow\"><b>Romani Phen din Berlin<\/b><\/a>, \u0219i \u00eencep\u00e2nd cu 2019 am organizat o serie de evenimente at\u00e2t \u00een Bucure\u0219ti, c\u00e2t \u0219i la nivel local \u00een comunit\u0103\u021bile din Mizil, Giurgiu \u0219i Valea Seac\u0103.<\/p><p>Anul acesta, \u00een paralel cu colegele noastre de la <b><a href=\"https:\/\/www.romnja-power.de\/\" target=\"_blank\" rel=\"noopener noreferrer nofollow\">Romani Phen din Berlin<\/a><\/b>, marc\u0103m intersec\u021bionalitatea noastr\u0103 ca femei rome prin desf\u0103\u0219urarea unor evenimente preponderent cu regim \u00eenchis, care se adreseaz\u0103, \u00een primul r\u00e2nd, comunit\u0103\u021bilor noastre locale.<\/p><p>Evenimentele adresate publicului larg vor fi anun\u021bate pe paginile noastre de <a href=\"https:\/\/www.facebook.com\/ERomnja\/\" target=\"_blank\" rel=\"noopener noreferrer nofollow\">Facebook<\/a> \u0219i <a href=\"https:\/\/www.instagram.com\/eromnja12\/\" target=\"_blank\" rel=\"noopener noreferrer nofollow\">Instagram<\/a>.<\/p>\t\t\t\t\t\t\t\t<\/div>\n\t\t\t\t<\/div>\n\t\t\t\t<div class=\"elementor-element elementor-element-53d1f5b elementor-widget-divider--view-line elementor-widget elementor-widget-divider\" data-id=\"53d1f5b\" data-element_type=\"widget\" data-e-type=\"widget\" data-widget_type=\"divider.default\">\n\t\t\t\t<div class=\"elementor-widget-container\">\n\t\t\t\t\t\t\t<div class=\"elementor-divider\">\n\t\t\t<span class=\"elementor-divider-separator\">\n\t\t\t\t\t\t<\/span>\n\t\t<\/div>\n\t\t\t\t\t\t<\/div>\n\t\t\t\t<\/div>\n\t\t\t\t\t<\/div>\n\t\t<\/div>\n\t\t\t\t\t<\/div>\n\t\t<\/section>\n\t\t\t\t<section class=\"elementor-section elementor-top-section elementor-element elementor-element-b9f3e6d elementor-section-boxed elementor-section-height-default elementor-section-height-default\" data-id=\"b9f3e6d\" data-element_type=\"section\" data-e-type=\"section\" data-settings=\"{&quot;background_background&quot;:&quot;classic&quot;}\">\n\t\t\t\t\t\t<div class=\"elementor-container elementor-column-gap-extended\">\n\t\t\t\t\t<div class=\"aux-parallax-section elementor-column elementor-col-33 elementor-top-column elementor-element elementor-element-5646191\" data-id=\"5646191\" data-element_type=\"column\" data-e-type=\"column\">\n\t\t\t<div class=\"elementor-widget-wrap elementor-element-populated\">\n\t\t\t\t\t\t<div class=\"elementor-element elementor-element-c1687d6 text-bigger elementor-widget elementor-widget-heading\" data-id=\"c1687d6\" data-element_type=\"widget\" data-e-type=\"widget\" data-widget_type=\"heading.default\">\n\t\t\t\t<div class=\"elementor-widget-container\">\n\t\t\t\t\t<span class=\"elementor-heading-title elementor-size-default\">Continue reading:<\/span>\t\t\t\t<\/div>\n\t\t\t\t<\/div>\n\t\t\t\t\t<\/div>\n\t\t<\/div>\n\t\t\t\t<div class=\"aux-parallax-section elementor-column elementor-col-33 elementor-top-column elementor-element elementor-element-f45fed5\" data-id=\"f45fed5\" data-element_type=\"column\" data-e-type=\"column\">\n\t\t\t<div class=\"elementor-widget-wrap elementor-element-populated\">\n\t\t\t\t\t\t<div class=\"elementor-element elementor-element-a2849ce elementor-align-left elementor-widget elementor-widget-button\" data-id=\"a2849ce\" data-element_type=\"widget\" data-e-type=\"widget\" data-widget_type=\"button.default\">\n\t\t\t\t<div class=\"elementor-widget-container\">\n\t\t\t\t\t\t\t\t\t<div class=\"elementor-button-wrapper\">\n\t\t\t\t\t<a class=\"elementor-button elementor-button-link elementor-size-lg\" href=\"https:\/\/e-romnja.ro\/en\/despre\/\" target=\"_blank\" rel=\"noopener noreferrer nofollow\">\n\t\t\t\t\t\t<span class=\"elementor-button-content-wrapper\">\n\t\t\t\t\t\t\t\t\t<span class=\"elementor-button-text\">About us<\/span>\n\t\t\t\t\t<\/span>\n\t\t\t\t\t<\/a>\n\t\t\t\t<\/div>\n\t\t\t\t\t\t\t\t<\/div>\n\t\t\t\t<\/div>\n\t\t\t\t<div class=\"elementor-element elementor-element-bb7fbab elementor-align-left elementor-widget elementor-widget-button\" data-id=\"bb7fbab\" data-element_type=\"widget\" data-e-type=\"widget\" data-widget_type=\"button.default\">\n\t\t\t\t<div class=\"elementor-widget-container\">\n\t\t\t\t\t\t\t\t\t<div class=\"elementor-button-wrapper\">\n\t\t\t\t\t<a class=\"elementor-button elementor-button-link elementor-size-lg\" href=\"https:\/\/e-romnja.ro\/en\/despre\/misiune\/\" target=\"_blank\" rel=\"noopener noreferrer nofollow\">\n\t\t\t\t\t\t<span class=\"elementor-button-content-wrapper\">\n\t\t\t\t\t\t\t\t\t<span class=\"elementor-button-text\">Our Mission<\/span>\n\t\t\t\t\t<\/span>\n\t\t\t\t\t<\/a>\n\t\t\t\t<\/div>\n\t\t\t\t\t\t\t\t<\/div>\n\t\t\t\t<\/div>\n\t\t\t\t<div class=\"elementor-element elementor-element-ae67412 elementor-align-left elementor-widget elementor-widget-button\" data-id=\"ae67412\" data-element_type=\"widget\" data-e-type=\"widget\" data-widget_type=\"button.default\">\n\t\t\t\t<div class=\"elementor-widget-container\">\n\t\t\t\t\t\t\t\t\t<div class=\"elementor-button-wrapper\">\n\t\t\t\t\t<a class=\"elementor-button elementor-button-link elementor-size-lg\" href=\"https:\/\/e-romnja.ro\/en\/echipa\/\" target=\"_blank\" rel=\"noopener noreferrer nofollow\">\n\t\t\t\t\t\t<span class=\"elementor-button-content-wrapper\">\n\t\t\t\t\t\t\t\t\t<span class=\"elementor-button-text\">Team<\/span>\n\t\t\t\t\t<\/span>\n\t\t\t\t\t<\/a>\n\t\t\t\t<\/div>\n\t\t\t\t\t\t\t\t<\/div>\n\t\t\t\t<\/div>\n\t\t\t\t<div class=\"elementor-element elementor-element-9820173 elementor-align-left elementor-widget elementor-widget-button\" data-id=\"9820173\" data-element_type=\"widget\" data-e-type=\"widget\" data-widget_type=\"button.default\">\n\t\t\t\t<div class=\"elementor-widget-container\">\n\t\t\t\t\t\t\t\t\t<div class=\"elementor-button-wrapper\">\n\t\t\t\t\t<a class=\"elementor-button elementor-button-link elementor-size-lg\" href=\"https:\/\/e-romnja.ro\/en\/despre\/organigrama\/\" target=\"_blank\" rel=\"noopener noreferrer nofollow\">\n\t\t\t\t\t\t<span class=\"elementor-button-content-wrapper\">\n\t\t\t\t\t\t\t\t\t<span class=\"elementor-button-text\">Organizational Chart<\/span>\n\t\t\t\t\t<\/span>\n\t\t\t\t\t<\/a>\n\t\t\t\t<\/div>\n\t\t\t\t\t\t\t\t<\/div>\n\t\t\t\t<\/div>\n\t\t\t\t<div class=\"elementor-element elementor-element-f9584fa elementor-align-left elementor-widget elementor-widget-button\" data-id=\"f9584fa\" data-element_type=\"widget\" data-e-type=\"widget\" data-widget_type=\"button.default\">\n\t\t\t\t<div class=\"elementor-widget-container\">\n\t\t\t\t\t\t\t\t\t<div class=\"elementor-button-wrapper\">\n\t\t\t\t\t<a class=\"elementor-button elementor-button-link elementor-size-lg\" href=\"https:\/\/e-romnja.ro\/en\/despre\/rapoarte\/\" target=\"_blank\" rel=\"noopener noreferrer nofollow\">\n\t\t\t\t\t\t<span class=\"elementor-button-content-wrapper\">\n\t\t\t\t\t\t\t\t\t<span class=\"elementor-button-text\">Reports<\/span>\n\t\t\t\t\t<\/span>\n\t\t\t\t\t<\/a>\n\t\t\t\t<\/div>\n\t\t\t\t\t\t\t\t<\/div>\n\t\t\t\t<\/div>\n\t\t\t\t<div class=\"elementor-element elementor-element-c1b8711 elementor-align-left elementor-widget elementor-widget-button\" data-id=\"c1b8711\" data-element_type=\"widget\" data-e-type=\"widget\" data-widget_type=\"button.default\">\n\t\t\t\t<div class=\"elementor-widget-container\">\n\t\t\t\t\t\t\t\t\t<div class=\"elementor-button-wrapper\">\n\t\t\t\t\t<a class=\"elementor-button elementor-button-link elementor-size-lg\" href=\"https:\/\/e-romnja.ro\/en\/despre\/revista-presei\/\">\n\t\t\t\t\t\t<span class=\"elementor-button-content-wrapper\">\n\t\t\t\t\t\t\t\t\t<span class=\"elementor-button-text\">Press mentions<\/span>\n\t\t\t\t\t<\/span>\n\t\t\t\t\t<\/a>\n\t\t\t\t<\/div>\n\t\t\t\t\t\t\t\t<\/div>\n\t\t\t\t<\/div>\n\t\t\t\t\t<\/div>\n\t\t<\/div>\n\t\t\t\t<div class=\"aux-parallax-section elementor-column elementor-col-33 elementor-top-column elementor-element elementor-element-f4e45c5\" data-id=\"f4e45c5\" data-element_type=\"column\" data-e-type=\"column\">\n\t\t\t<div class=\"elementor-widget-wrap elementor-element-populated\">\n\t\t\t\t\t\t<div class=\"elementor-element elementor-element-c1edd1f elementor-align-left elementor-mobile-align-left elementor-widget elementor-widget-button\" data-id=\"c1edd1f\" data-element_type=\"widget\" data-e-type=\"widget\" data-widget_type=\"button.default\">\n\t\t\t\t<div class=\"elementor-widget-container\">\n\t\t\t\t\t\t\t\t\t<div class=\"elementor-button-wrapper\">\n\t\t\t\t\t<a class=\"elementor-button elementor-button-link elementor-size-lg\" href=\"https:\/\/e-romnja.ro\/en\/interventie-comunitara-feminista\/\">\n\t\t\t\t\t\t<span class=\"elementor-button-content-wrapper\">\n\t\t\t\t\t\t\t\t\t<span class=\"elementor-button-text\">FEMINIST COMUNITARY INTERVENTION<\/span>\n\t\t\t\t\t<\/span>\n\t\t\t\t\t<\/a>\n\t\t\t\t<\/div>\n\t\t\t\t\t\t\t\t<\/div>\n\t\t\t\t<\/div>\n\t\t\t\t<div class=\"elementor-element elementor-element-1cf3116 elementor-align-left elementor-widget elementor-widget-button\" data-id=\"1cf3116\" data-element_type=\"widget\" data-e-type=\"widget\" data-widget_type=\"button.default\">\n\t\t\t\t<div class=\"elementor-widget-container\">\n\t\t\t\t\t\t\t\t\t<div class=\"elementor-button-wrapper\">\n\t\t\t\t\t<a class=\"elementor-button elementor-button-link elementor-size-lg\" href=\"https:\/\/e-romnja.ro\/en\/intersectionalitate\/\">\n\t\t\t\t\t\t<span class=\"elementor-button-content-wrapper\">\n\t\t\t\t\t\t\t\t\t<span class=\"elementor-button-text\">INTERSECTIONALITY<\/span>\n\t\t\t\t\t<\/span>\n\t\t\t\t\t<\/a>\n\t\t\t\t<\/div>\n\t\t\t\t\t\t\t\t<\/div>\n\t\t\t\t<\/div>\n\t\t\t\t<div class=\"elementor-element elementor-element-645e498 elementor-align-left elementor-widget elementor-widget-button\" data-id=\"645e498\" data-element_type=\"widget\" data-e-type=\"widget\" data-widget_type=\"button.default\">\n\t\t\t\t<div class=\"elementor-widget-container\">\n\t\t\t\t\t\t\t\t\t<div class=\"elementor-button-wrapper\">\n\t\t\t\t\t<a class=\"elementor-button elementor-button-link elementor-size-lg\" href=\"https:\/\/e-romnja.ro\/en\/advocacy\/\">\n\t\t\t\t\t\t<span class=\"elementor-button-content-wrapper\">\n\t\t\t\t\t\t\t\t\t<span class=\"elementor-button-text\">ADVOCACY<\/span>\n\t\t\t\t\t<\/span>\n\t\t\t\t\t<\/a>\n\t\t\t\t<\/div>\n\t\t\t\t\t\t\t\t<\/div>\n\t\t\t\t<\/div>\n\t\t\t\t\t<\/div>\n\t\t<\/div>\n\t\t\t\t\t<\/div>\n\t\t<\/section>\n\t\t\t\t<\/div>","protected":false},"excerpt":{"rendered":"<p>Romnja Power Month<\/p>","protected":false},"author":1,"featured_media":0,"parent":0,"menu_order":0,"comment_status":"closed","ping_status":"closed","template":"elementor_header_footer","meta":{"footnotes":"","_links_to":"","_links_to_target":""},"class_list":["post-2691","page","type-page","status-publish","hentry"],"yoast_head":"<!-- This site is optimized with the Yoast SEO plugin v27.4 - https:\/\/yoast.com\/product\/yoast-seo-wordpress\/ -->\n<title>Romnja Power Month - E-Romnja<\/title>\n<meta name=\"robots\" content=\"index, follow, max-snippet:-1, max-image-preview:large, max-video-preview:-1\" \/>\n<link rel=\"canonical\" href=\"https:\/\/e-romnja.ro\/en\/romnja-power-month\/\" \/>\n<meta property=\"og:locale\" content=\"en_US\" \/>\n<meta property=\"og:type\" content=\"article\" \/>\n<meta property=\"og:title\" content=\"Romnja Power Month - E-Romnja\" \/>\n<meta property=\"og:description\" content=\"Romnja Power Month\" \/>\n<meta property=\"og:url\" content=\"https:\/\/e-romnja.ro\/en\/romnja-power-month\/\" \/>\n<meta property=\"og:site_name\" content=\"E-Romnja\" \/>\n<meta property=\"article:modified_time\" content=\"2026-03-09T14:38:03+00:00\" \/>\n<meta property=\"og:image\" content=\"https:\/\/e-romnja.ro\/wp-content\/uploads\/elementor\/thumbs\/1-rk9btpolsmz8kwwpu2ycltt622v6o16ymohx0zl4kw.png\" \/>\n<meta name=\"twitter:card\" content=\"summary_large_image\" \/>\n<meta name=\"twitter:label1\" content=\"Est. reading time\" \/>\n\t<meta name=\"twitter:data1\" content=\"1 minute\" \/>\n<script type=\"application\/ld+json\" class=\"yoast-schema-graph\">{\"@context\":\"https:\\\/\\\/schema.org\",\"@graph\":[{\"@type\":\"WebPage\",\"@id\":\"https:\\\/\\\/e-romnja.ro\\\/romnja-power-month\\\/\",\"url\":\"https:\\\/\\\/e-romnja.ro\\\/romnja-power-month\\\/\",\"name\":\"Romnja Power Month - E-Romnja\",\"isPartOf\":{\"@id\":\"https:\\\/\\\/e-romnja.ro\\\/#website\"},\"primaryImageOfPage\":{\"@id\":\"https:\\\/\\\/e-romnja.ro\\\/romnja-power-month\\\/#primaryimage\"},\"image\":{\"@id\":\"https:\\\/\\\/e-romnja.ro\\\/romnja-power-month\\\/#primaryimage\"},\"thumbnailUrl\":\"https:\\\/\\\/e-romnja.ro\\\/wp-content\\\/uploads\\\/elementor\\\/thumbs\\\/1-rk9btpolsmz8kwwpu2ycltt622v6o16ymohx0zl4kw.png\",\"datePublished\":\"2023-03-02T10:12:51+00:00\",\"dateModified\":\"2026-03-09T14:38:03+00:00\",\"breadcrumb\":{\"@id\":\"https:\\\/\\\/e-romnja.ro\\\/romnja-power-month\\\/#breadcrumb\"},\"inLanguage\":\"en-US\",\"potentialAction\":[{\"@type\":\"ReadAction\",\"target\":[\"https:\\\/\\\/e-romnja.ro\\\/romnja-power-month\\\/\"]}]},{\"@type\":\"ImageObject\",\"inLanguage\":\"en-US\",\"@id\":\"https:\\\/\\\/e-romnja.ro\\\/romnja-power-month\\\/#primaryimage\",\"url\":\"https:\\\/\\\/e-romnja.ro\\\/wp-content\\\/uploads\\\/elementor\\\/thumbs\\\/1-rk9btpolsmz8kwwpu2ycltt622v6o16ymohx0zl4kw.png\",\"contentUrl\":\"https:\\\/\\\/e-romnja.ro\\\/wp-content\\\/uploads\\\/elementor\\\/thumbs\\\/1-rk9btpolsmz8kwwpu2ycltt622v6o16ymohx0zl4kw.png\"},{\"@type\":\"BreadcrumbList\",\"@id\":\"https:\\\/\\\/e-romnja.ro\\\/romnja-power-month\\\/#breadcrumb\",\"itemListElement\":[{\"@type\":\"ListItem\",\"position\":1,\"name\":\"Prima pagin\u0103\",\"item\":\"https:\\\/\\\/e-romnja.ro\\\/\"},{\"@type\":\"ListItem\",\"position\":2,\"name\":\"Romnja Power Month\"}]},{\"@type\":\"WebSite\",\"@id\":\"https:\\\/\\\/e-romnja.ro\\\/#website\",\"url\":\"https:\\\/\\\/e-romnja.ro\\\/\",\"name\":\"E-Romnja\",\"description\":\"E-Romnja lupt\u0103 pentru respectul, integritatea \u0219i demnitatea femeilor rome.\",\"publisher\":{\"@id\":\"https:\\\/\\\/e-romnja.ro\\\/#organization\"},\"potentialAction\":[{\"@type\":\"SearchAction\",\"target\":{\"@type\":\"EntryPoint\",\"urlTemplate\":\"https:\\\/\\\/e-romnja.ro\\\/?s={search_term_string}\"},\"query-input\":{\"@type\":\"PropertyValueSpecification\",\"valueRequired\":true,\"valueName\":\"search_term_string\"}}],\"inLanguage\":\"en-US\"},{\"@type\":\"Organization\",\"@id\":\"https:\\\/\\\/e-romnja.ro\\\/#organization\",\"name\":\"E-Romnja\",\"url\":\"https:\\\/\\\/e-romnja.ro\\\/\",\"logo\":{\"@type\":\"ImageObject\",\"inLanguage\":\"en-US\",\"@id\":\"https:\\\/\\\/e-romnja.ro\\\/#\\\/schema\\\/logo\\\/image\\\/\",\"url\":\"https:\\\/\\\/e-romnja.ro\\\/wp-content\\\/uploads\\\/2020\\\/09\\\/cropped-e-romnja-1.jpg\",\"contentUrl\":\"https:\\\/\\\/e-romnja.ro\\\/wp-content\\\/uploads\\\/2020\\\/09\\\/cropped-e-romnja-1.jpg\",\"width\":150,\"height\":150,\"caption\":\"E-Romnja\"},\"image\":{\"@id\":\"https:\\\/\\\/e-romnja.ro\\\/#\\\/schema\\\/logo\\\/image\\\/\"}}]}<\/script>\n<!-- \/ Yoast SEO plugin. -->","yoast_head_json":{"title":"Romnja Power Month - E-Romnja","robots":{"index":"index","follow":"follow","max-snippet":"max-snippet:-1","max-image-preview":"max-image-preview:large","max-video-preview":"max-video-preview:-1"},"canonical":"https:\/\/e-romnja.ro\/en\/romnja-power-month\/","og_locale":"en_US","og_type":"article","og_title":"Romnja Power Month - E-Romnja","og_description":"Romnja Power Month","og_url":"https:\/\/e-romnja.ro\/en\/romnja-power-month\/","og_site_name":"E-Romnja","article_modified_time":"2026-03-09T14:38:03+00:00","og_image":[{"url":"https:\/\/e-romnja.ro\/wp-content\/uploads\/elementor\/thumbs\/1-rk9btpolsmz8kwwpu2ycltt622v6o16ymohx0zl4kw.png","type":"","width":"","height":""}],"twitter_card":"summary_large_image","twitter_misc":{"Est. reading time":"1 minute"},"schema":{"@context":"https:\/\/schema.org","@graph":[{"@type":"WebPage","@id":"https:\/\/e-romnja.ro\/romnja-power-month\/","url":"https:\/\/e-romnja.ro\/romnja-power-month\/","name":"Romnja Power Month - E-Romnja","isPartOf":{"@id":"https:\/\/e-romnja.ro\/#website"},"primaryImageOfPage":{"@id":"https:\/\/e-romnja.ro\/romnja-power-month\/#primaryimage"},"image":{"@id":"https:\/\/e-romnja.ro\/romnja-power-month\/#primaryimage"},"thumbnailUrl":"https:\/\/e-romnja.ro\/wp-content\/uploads\/elementor\/thumbs\/1-rk9btpolsmz8kwwpu2ycltt622v6o16ymohx0zl4kw.png","datePublished":"2023-03-02T10:12:51+00:00","dateModified":"2026-03-09T14:38:03+00:00","breadcrumb":{"@id":"https:\/\/e-romnja.ro\/romnja-power-month\/#breadcrumb"},"inLanguage":"en-US","potentialAction":[{"@type":"ReadAction","target":["https:\/\/e-romnja.ro\/romnja-power-month\/"]}]},{"@type":"ImageObject","inLanguage":"en-US","@id":"https:\/\/e-romnja.ro\/romnja-power-month\/#primaryimage","url":"https:\/\/e-romnja.ro\/wp-content\/uploads\/elementor\/thumbs\/1-rk9btpolsmz8kwwpu2ycltt622v6o16ymohx0zl4kw.png","contentUrl":"https:\/\/e-romnja.ro\/wp-content\/uploads\/elementor\/thumbs\/1-rk9btpolsmz8kwwpu2ycltt622v6o16ymohx0zl4kw.png"},{"@type":"BreadcrumbList","@id":"https:\/\/e-romnja.ro\/romnja-power-month\/#breadcrumb","itemListElement":[{"@type":"ListItem","position":1,"name":"Prima pagin\u0103","item":"https:\/\/e-romnja.ro\/"},{"@type":"ListItem","position":2,"name":"Romnja Power Month"}]},{"@type":"WebSite","@id":"https:\/\/e-romnja.ro\/#website","url":"https:\/\/e-romnja.ro\/","name":"E-Romnja","description":"E-Romnja fights for the respect, integrity and dignity of Roma women.","publisher":{"@id":"https:\/\/e-romnja.ro\/#organization"},"potentialAction":[{"@type":"SearchAction","target":{"@type":"EntryPoint","urlTemplate":"https:\/\/e-romnja.ro\/?s={search_term_string}"},"query-input":{"@type":"PropertyValueSpecification","valueRequired":true,"valueName":"search_term_string"}}],"inLanguage":"en-US"},{"@type":"Organization","@id":"https:\/\/e-romnja.ro\/#organization","name":"E-Romnja","url":"https:\/\/e-romnja.ro\/","logo":{"@type":"ImageObject","inLanguage":"en-US","@id":"https:\/\/e-romnja.ro\/#\/schema\/logo\/image\/","url":"https:\/\/e-romnja.ro\/wp-content\/uploads\/2020\/09\/cropped-e-romnja-1.jpg","contentUrl":"https:\/\/e-romnja.ro\/wp-content\/uploads\/2020\/09\/cropped-e-romnja-1.jpg","width":150,"height":150,"caption":"E-Romnja"},"image":{"@id":"https:\/\/e-romnja.ro\/#\/schema\/logo\/image\/"}}]}},"_links":{"self":[{"href":"https:\/\/e-romnja.ro\/en\/wp-json\/wp\/v2\/pages\/2691","targetHints":{"allow":["GET"]}}],"collection":[{"href":"https:\/\/e-romnja.ro\/en\/wp-json\/wp\/v2\/pages"}],"about":[{"href":"https:\/\/e-romnja.ro\/en\/wp-json\/wp\/v2\/types\/page"}],"author":[{"embeddable":true,"href":"https:\/\/e-romnja.ro\/en\/wp-json\/wp\/v2\/users\/1"}],"replies":[{"embeddable":true,"href":"https:\/\/e-romnja.ro\/en\/wp-json\/wp\/v2\/comments?post=2691"}],"version-history":[{"count":5,"href":"https:\/\/e-romnja.ro\/en\/wp-json\/wp\/v2\/pages\/2691\/revisions"}],"predecessor-version":[{"id":3629,"href":"https:\/\/e-romnja.ro\/en\/wp-json\/wp\/v2\/pages\/2691\/revisions\/3629"}],"wp:attachment":[{"href":"https:\/\/e-romnja.ro\/en\/wp-json\/wp\/v2\/media?parent=2691"}],"curies":[{"name":"wp","href":"https:\/\/api.w.org\/{rel}","templated":true}]}}