{"id":2586,"date":"2022-09-15T10:44:41","date_gmt":"2022-09-15T08:44:41","guid":{"rendered":"https:\/\/e-romnja.ro\/?page_id=2586"},"modified":"2022-09-16T16:28:44","modified_gmt":"2022-09-16T14:28:44","slug":"politica-de-cookies","status":"publish","type":"page","link":"https:\/\/e-romnja.ro\/en\/politica-de-cookies\/","title":{"rendered":"Cookie Policy"},"content":{"rendered":"<div data-elementor-type=\"wp-page\" data-elementor-id=\"2586\" class=\"elementor elementor-2586\">\n\t\t\t\t\t\t<section class=\"elementor-section elementor-top-section elementor-element elementor-element-2cfdf63 elementor-section-boxed elementor-section-height-default elementor-section-height-default\" data-id=\"2cfdf63\" data-element_type=\"section\" data-e-type=\"section\" data-settings=\"{&quot;background_background&quot;:&quot;classic&quot;,&quot;animation&quot;:&quot;none&quot;}\">\n\t\t\t\t\t\t<div class=\"elementor-container elementor-column-gap-default\">\n\t\t\t\t\t<div class=\"aux-parallax-section elementor-column elementor-col-100 elementor-top-column elementor-element elementor-element-f1929c6\" data-id=\"f1929c6\" data-element_type=\"column\" data-e-type=\"column\">\n\t\t\t<div class=\"elementor-widget-wrap elementor-element-populated\">\n\t\t\t\t\t\t<section class=\"elementor-section elementor-inner-section elementor-element elementor-element-cd601f0 elementor-section-boxed elementor-section-height-default elementor-section-height-default\" data-id=\"cd601f0\" data-element_type=\"section\" data-e-type=\"section\">\n\t\t\t\t\t\t<div class=\"elementor-container elementor-column-gap-default\">\n\t\t\t\t\t<div class=\"aux-parallax-section elementor-column elementor-col-100 elementor-inner-column elementor-element elementor-element-d4f9559\" data-id=\"d4f9559\" data-element_type=\"column\" data-e-type=\"column\">\n\t\t\t<div class=\"elementor-widget-wrap elementor-element-populated\">\n\t\t\t\t\t\t<div class=\"elementor-element elementor-element-88bdf46 elementor-widget elementor-widget-heading\" data-id=\"88bdf46\" data-element_type=\"widget\" data-e-type=\"widget\" data-widget_type=\"heading.default\">\n\t\t\t\t<div class=\"elementor-widget-container\">\n\t\t\t\t\t<h2 class=\"elementor-heading-title elementor-size-default\">Politica de cookies<\/h2>\t\t\t\t<\/div>\n\t\t\t\t<\/div>\n\t\t\t\t<div class=\"elementor-element elementor-element-267b32f elementor-widget elementor-widget-text-editor\" data-id=\"267b32f\" data-element_type=\"widget\" data-e-type=\"widget\" data-widget_type=\"text-editor.default\">\n\t\t\t\t<div class=\"elementor-widget-container\">\n\t\t\t\t\t\t\t\t\t<p style=\"text-align: right;\">Ultima actualizare: 15.09.2021<\/p>\t\t\t\t\t\t\t\t<\/div>\n\t\t\t\t<\/div>\n\t\t\t\t\t<\/div>\n\t\t<\/div>\n\t\t\t\t\t<\/div>\n\t\t<\/section>\n\t\t\t\t<div class=\"elementor-element elementor-element-2fbceb3b elementor-widget elementor-widget-text-editor\" data-id=\"2fbceb3b\" data-element_type=\"widget\" data-e-type=\"widget\" data-widget_type=\"text-editor.default\">\n\t\t\t\t<div class=\"elementor-widget-container\">\n\t\t\t\t\t\t\t\t\t<div><article><div class=\"elementor-element elementor-element-24d3e3e elementor-widget elementor-widget-heading\" data-id=\"24d3e3e\" data-element_type=\"widget\" data-widget_type=\"heading.default\"><div class=\"elementor-widget-container\"><h3 class=\"elementor-heading-title elementor-size-default\">1. Introducere<\/h3><\/div><\/div><div class=\"elementor-element elementor-element-10e1b8cd elementor-widget elementor-widget-text-editor\" data-id=\"10e1b8cd\" data-element_type=\"widget\" data-widget_type=\"text-editor.default\"><div class=\"elementor-widget-container\"><div class=\"elementor-text-editor elementor-clearfix\"><p>Prezenta Politic\u0103 privind fi\u0219ierele cookies se aplic\u0103 tuturor utilizatorilor paginii de internet e-romnja.ro. Informa\u021biile prezentate \u00een continuare au ca scop informarea utilizatorilor acestei pagini de internet cu privire la plasarea, utilizarea \u0219i administrarea cookie-urilor de c\u0103tre Asocia\u021bia E-romnja \u00een contextul navig\u0103rii utilizatorilor pe aceast\u0103 pagin\u0103 de internet.<\/p><\/div><\/div><\/div><div class=\"elementor-element elementor-element-09f58b0 elementor-widget elementor-widget-heading\" data-id=\"09f58b0\" data-element_type=\"widget\" data-widget_type=\"heading.default\"><div class=\"elementor-widget-container\"><h3 class=\"elementor-heading-title elementor-size-default\">2. Ce sunt cookie-urile?<\/h3><\/div><\/div><div class=\"elementor-element elementor-element-d5e1087 elementor-widget elementor-widget-text-editor\" data-id=\"d5e1087\" data-element_type=\"widget\" data-widget_type=\"text-editor.default\"><div class=\"elementor-widget-container\"><div class=\"elementor-text-editor elementor-clearfix\"><p>Folosim termenul \u201ecookie\u201d-uri pentru a ne referi la modulele cookie \u0219i la tehnologiile similare prin intermediul c\u0103rora pot fi colectate informa\u021bii \u00een mod automat.<\/p><p>Un \u201eInternet Cookie\u201d (termen cunoscut \u0219i sub denumirea de \u201ebrowser cookie\u201d sau \u201eHTTP cookie\u201d ori \u201ecookie\u201d) reprezint\u0103 un fi\u0219ier de mici dimensiuni, format din litere \u0219i numere, care va fi stocat pe computerul, terminalul mobil sau pe alte echipamente ale unui utilizator prin intermediul c\u0103rora se acceseaz\u0103 internetul.<\/p><p>Cookie-urile sunt instalate prin solicitarea emis\u0103 de un web-server c\u0103tre un browser (de ex.: Internet Explorer, Firefox, Chrome). Cookie-urile odat\u0103 instalate au o durat\u0103 de existen\u021b\u0103 determinat\u0103, r\u0103m\u00e2n\u00e2nd \u201epasive\u201d, \u00een sensul c\u0103 nu con\u021bin programe software, viru\u0219i sau spyware \u0219i nu vor accesa informa\u021biile de pe hard driverul utilizatorului pe al c\u0103rui echipament au fost instalate.<\/p><p>Un cookie este format din dou\u0103 p\u0103r\u021bi:<br \/>numele cookie-ului; \u0219i<br \/>con\u021binutul sau valoarea cookie-ului.<\/p><p>Din punct de vedere tehnic, doar web-serverul care a trimis cookie-ul \u00eel poate accesa din nou \u00een momentul \u00een care un utilizator se \u00eentoarce pe pagina de internet asociat\u0103 web-serverului respectiv.<\/p><\/div><\/div><\/div><div class=\"elementor-element elementor-element-697908e elementor-widget elementor-widget-heading\" data-id=\"697908e\" data-element_type=\"widget\" data-widget_type=\"heading.default\"><div class=\"elementor-widget-container\"><h3 class=\"elementor-heading-title elementor-size-default\">3. Pentru ce scopuri sunt utilizate cookie-urile prin intermediul acestei pagini de internet:<\/h3><\/div><\/div><div class=\"elementor-element elementor-element-5e1a35f elementor-widget elementor-widget-text-editor\" data-id=\"5e1a35f\" data-element_type=\"widget\" data-widget_type=\"text-editor.default\"><div class=\"elementor-widget-container\"><div class=\"elementor-text-editor elementor-clearfix\"><p>Cookie-urile sunt utilizate pentru a furniza utilizatorilor acestei pagini de internet o experien\u021b\u0103 mai bun\u0103 de navigare \u0219i servicii adaptate nevoilor \u0219i interesului fiec\u0103rui utilizator \u00een parte \u0219i anume pentru:<\/p><ul><li aria-level=\"1\">\u00eembun\u0103t\u0103\u021birea utiliz\u0103rii acestei pagini de internet, inclusiv prin identificarea oric\u0103ror erori care apar \u00een timpul vizit\u0103rii\/utiliz\u0103rii acesteia de c\u0103tre utilizatori;<\/li><li aria-level=\"1\">furnizarea de statistici anonime cu privire la modul \u00een care este utilizat\u0103 aceast\u0103 pagin\u0103 de internet c\u0103tre\u00a0 Asocia\u021bia E-romnja, \u00een calitate de de\u021bin\u0103tor al acestei pagini de internet;<\/li><li aria-level=\"1\">anticiparea unor eventuale informa\u021bii care vor fi \u00een viitor puse la dispozi\u021bia utilizatorilor prin intermediul acestei pagini de internet, \u00een func\u021bie de informa\u021bia accesat\u0103.<\/li><\/ul><p>Pe baza feedback-ului transmis prin cookie-uri \u00een leg\u0103tur\u0103 cu modul \u00een care se utilizeaz\u0103 aceast\u0103 pagin\u0103 de internet, Asocia\u021bia E-romnja pot adopta m\u0103suri pentru ca aceast\u0103 pagin\u0103 de internet s\u0103 fie mai eficient\u0103 \u0219i mai accesibil\u0103 pentru utilizatori.<\/p><\/div><\/div><\/div><div class=\"elementor-element elementor-element-b75f023 elementor-widget elementor-widget-heading\" data-id=\"b75f023\" data-element_type=\"widget\" data-widget_type=\"heading.default\"><div class=\"elementor-widget-container\"><h3 class=\"elementor-heading-title elementor-size-default\">4. Care este durata de via\u021b\u0103 a cookie-urilor?<\/h3><\/div><\/div><div class=\"elementor-element elementor-element-708e0e1 elementor-widget elementor-widget-text-editor\" data-id=\"708e0e1\" data-element_type=\"widget\" data-widget_type=\"text-editor.default\"><div class=\"elementor-widget-container\"><div class=\"elementor-text-editor elementor-clearfix\"><p>Durata de via\u021b\u0103 a cookie-urilor poate varia semnificativ, depinz\u00e2nd de scopul pentru care este plasat. Exist\u0103 urm\u0103toarele categorii de cookie-uri care determin\u0103 \u0219i durata de via\u021b\u0103 a acestora:<\/p><p>Cookie-uri de sesiune \u2013 Un \u201ecookie de sesiune\u201d este un cookie care este \u0219ters automat c\u00e2nd utilizatorul \u00ee\u0219i \u00eenchide browserul.<\/p><p>Cookie-uri persistente sau fixe \u2013 Un \u201ecookie persistent\u201d sau \u201efix\u201d este un cookie care r\u0103m\u00e2ne stocat \u00een terminalul utilizatorului p\u00e2n\u0103 c\u00e2nd atinge o anumit\u0103 dat\u0103 de expirare (care poate fi \u00een c\u00e2teva minute, zile sau c\u00e2\u021biva ani \u00een viitor) sau p\u00e2n\u0103 la \u0219tegerea acestuia de c\u0103tre utilizator \u00een orice moment prin intermediul set\u0103rilor browserului.<\/p><\/div><\/div><\/div><div class=\"elementor-element elementor-element-dd34c01 elementor-widget elementor-widget-heading\" data-id=\"dd34c01\" data-element_type=\"widget\" data-widget_type=\"heading.default\"><div class=\"elementor-widget-container\"><h3 class=\"elementor-heading-title elementor-size-default\">5. Ce sunt cookie-urile plasate de ter\u021bi?<\/h3><\/div><\/div><div class=\"elementor-element elementor-element-1382d95 elementor-widget elementor-widget-text-editor\" data-id=\"1382d95\" data-element_type=\"widget\" data-widget_type=\"text-editor.default\"><div class=\"elementor-widget-container\"><div class=\"elementor-text-editor elementor-clearfix\"><p>Anumite sec\u021biuni de con\u021binut de pe pagina de internet pot fi furnizate prin intermediul unor ter\u021bi, adic\u0103 nu de c\u0103tre Asocia\u021bia E-romnja, caz \u00een care aceste cookie-uri sunt denumite cookie-uri plasate de ter\u021bi (\u201ethird party cookie-uri\u201d).<\/p><p>Ter\u021bii furnizori ai cookie-urilor trebuie s\u0103 respecte, de asemenea, regulile \u00een materie de protec\u021bie a datelor \u0219i Politica de Confiden\u021bialitate disponibil\u0103 pe aceast\u0103 pagin\u0103 de internet.<\/p><p>Aceste cookie-uri pot proveni de la urmatorii ter\u021bi: Google, Facebook, Youtube, PayPal.<\/p><\/div><\/div><\/div><div class=\"elementor-element elementor-element-87ca2ab elementor-widget elementor-widget-heading\" data-id=\"87ca2ab\" data-element_type=\"widget\" data-widget_type=\"heading.default\"><div class=\"elementor-widget-container\"><h3 class=\"elementor-heading-title elementor-size-default\">6. Ce cookie-uri sunt folosite prin intermediul acestei pagini de internet:<\/h3><\/div><\/div><div class=\"elementor-element elementor-element-c9725ab elementor-widget elementor-widget-text-editor\" data-id=\"c9725ab\" data-element_type=\"widget\" data-widget_type=\"text-editor.default\"><div class=\"elementor-widget-container\"><div class=\"elementor-text-editor elementor-clearfix\"><p>Prin utilizarea\/vizitarea paginii de internet pot fi plasate urm\u0103toarele cookie-uri:<\/p><ol><li style=\"list-style-type: none;\"><ol><li style=\"list-style-type: none;\"><ul><li><b> Cookie-uri de performan\u021b\u0103<\/b><\/li><\/ul><\/li><\/ol><p>Prin acest tip de cookie-uri sunt memorate preferin\u021bele utilizatorului acestei pagini de internet, astfel \u00eenc\u00e2t setarea din nou a preferin\u021belor \u00een cazul vizit\u0103rii ulterioare a paginii de internet nu mai este necesar\u0103.<\/p><ol><li style=\"list-style-type: none;\"><ul><li><b> Cookie-uri de analiz\u0103 a utilizatorilor<\/b><\/li><\/ul><\/li><\/ol><p>Aceste cookie-uri ne informeaz\u0103 dac\u0103 un anumit utilizator al paginii de internet a mai vizitat\/utilizat aceast\u0103 pagin\u0103 de internet anterior. Aceste cookie-uri sunt utilizate doar \u00een scopuri statistice.<\/p><\/li><\/ol><\/div><\/div><\/div><div class=\"elementor-element elementor-element-019ce90 elementor-widget elementor-widget-heading\" data-id=\"019ce90\" data-element_type=\"widget\" data-widget_type=\"heading.default\"><div class=\"elementor-widget-container\"><h3 class=\"elementor-heading-title elementor-size-default\">7. Ce tip de informa\u021bii sunt stocate \u0219i accesate prin intermediul cookie-urilor?<\/h3><\/div><\/div><div class=\"elementor-element elementor-element-039de8c elementor-widget elementor-widget-text-editor\" data-id=\"039de8c\" data-element_type=\"widget\" data-widget_type=\"text-editor.default\"><div class=\"elementor-widget-container\"><div class=\"elementor-text-editor elementor-clearfix\"><p>Cookie-urile p\u0103streaz\u0103 informa\u021bii \u00eentr-un fi\u0219ier text de mici dimensiuni care permit recunoa\u0219terea browserului. Aceast\u0103 pagin\u0103 de internet recunoa\u0219te browserul p\u00e2n\u0103 c\u00e2nd cookie-urile expir\u0103 sau sunt \u0219terse.<\/p><\/div><\/div><\/div><div class=\"elementor-element elementor-element-92819f9 elementor-widget elementor-widget-heading\" data-id=\"92819f9\" data-element_type=\"widget\" data-widget_type=\"heading.default\"><div class=\"elementor-widget-container\"><h3 class=\"elementor-heading-title elementor-size-default\">8. Particularizarea set\u0103rile browserului \u00een ceea ce prive\u0219te cookie-urile<\/h3><\/div><\/div><div class=\"elementor-element elementor-element-5dfb776 elementor-widget elementor-widget-text-editor\" data-id=\"5dfb776\" data-element_type=\"widget\" data-widget_type=\"text-editor.default\"><div class=\"elementor-widget-container\"><div class=\"elementor-text-editor elementor-clearfix\"><p>\u00cen cazul \u00een care utilizarea cookie-urilor nu este deranjant\u0103 iar calculatorul sau echipamentul tehnic utilizat pentru navigarea pe aceast\u0103 pagin\u0103 de internet este folosit doar de c\u0103tre dumneavoastr\u0103, pot fi setate termene lungi de expirare pentru stocarea istoricului de navigare.<\/p><p>\u00cen cazul \u00een care calculatorul sau echipamentul tehnic utilizat pentru navigarea pe aceast\u0103 pagin\u0103 de internet este folosit de mai multe persoane, poate fi luat\u0103 \u00een considerare setarea pentru \u0219tergerea datelor individuale de navigare de fiecare dat\u0103 c\u00e2nd browserul este \u00eenchis.<\/p><\/div><\/div><\/div><div class=\"elementor-element elementor-element-2308114 elementor-widget elementor-widget-heading\" data-id=\"2308114\" data-element_type=\"widget\" data-widget_type=\"heading.default\"><div class=\"elementor-widget-container\"><h3 class=\"elementor-heading-title elementor-size-default\">9. Cum pot fi oprite cookie-urile?<\/h3><\/div><\/div><div class=\"elementor-element elementor-element-c6e7d29 elementor-widget elementor-widget-text-editor\" data-id=\"c6e7d29\" data-element_type=\"widget\" data-widget_type=\"text-editor.default\"><div class=\"elementor-widget-container\"><div class=\"elementor-text-editor elementor-clearfix\"><p>Dezactivarea \u0219i refuzul de a primi cookie-uri pot face aceast\u0103 pagin\u0103 de internet dificil de vizitat, atr\u0103g\u00e2nd dup\u0103 sine limit\u0103ri ale posibilit\u0103\u021bilor de utilizare ale acesteia.<\/p><p>Utilizatorii \u00ee\u0219i pot configura browserul s\u0103 resping\u0103 fi\u0219ierele cookie sau s\u0103 fie acceptate cookie-uri de la o pagin\u0103 de internet anume.<\/p><p>Toate browserele moderne ofer\u0103 posibilitatea de a schimba set\u0103rile cookie-urilor. Aceste set\u0103ri pot fi accesate, ca regul\u0103, \u00een sec\u021biunea \u201eop\u021biuni\u201d sau \u00een meniul de \u201epreferin\u021be\u201d al browserului t\u0103u.<\/p><p>Totu\u0219i, refuzarea sau dezactivarea cookie-urilor nu \u00eenseamn\u0103 c\u0103 nu ve\u021bi mai primi publicitate online \u2013 ci doar ca aceasta nu va fi adaptat\u0103 preferin\u021belor \u0219i interesele dumneavoastr\u0103, eviden\u021biate prin comportamentul de navigare.<\/p><p>Pentru a \u00een\u021belege aceste set\u0103ri, urm\u0103toarele linkuri pot fi folositoare:<\/p><ul><li><a href=\"https:\/\/support.microsoft.com\/en-us\/help\/17442\/windows-internet-explorer-delete-manage-cookies\" target=\"_blank\" rel=\"noopener noreferrer nofollow\">Cookie settings in Internet Explorer<\/a><\/li><li><a href=\"https:\/\/support.mozilla.org\/en-US\/kb\/enable-and-disable-cookies-website-preferences\" target=\"_blank\" rel=\"noopener noreferrer nofollow\">Cookie settings in Firefox<\/a><\/li><li><a href=\"https:\/\/support.google.com\/chrome\/answer\/95647\" target=\"_blank\" rel=\"noopener noreferrer nofollow\">Cookie settings in Chrome<\/a><\/li><li><a href=\"https:\/\/support.apple.com\/kb\/ph21411\" target=\"_blank\" rel=\"noopener noreferrer nofollow\">Cookie settings in Safari<\/a><\/li><\/ul><p>\u00cen cazul \u00een care \u00eeti putem oferi orice fel de informa\u021bii cu privire la proiectele \u0219i spectacolele noastre, sau la felul \u00een care colect\u0103m \u0219i utiliz\u0103m datele tale personale, te rug\u0103m s\u0103 ne trimi\u021bi un email la <a href=\"mailto:office@e-romnja.ro\">office@e-romnja.ro.<\/a><\/p><\/div><\/div><\/div><\/article><\/div>\t\t\t\t\t\t\t\t<\/div>\n\t\t\t\t<\/div>\n\t\t\t\t<div class=\"elementor-element elementor-element-544c6da elementor-widget-divider--view-line elementor-widget elementor-widget-divider\" data-id=\"544c6da\" data-element_type=\"widget\" data-e-type=\"widget\" data-widget_type=\"divider.default\">\n\t\t\t\t<div class=\"elementor-widget-container\">\n\t\t\t\t\t\t\t<div class=\"elementor-divider\">\n\t\t\t<span class=\"elementor-divider-separator\">\n\t\t\t\t\t\t<\/span>\n\t\t<\/div>\n\t\t\t\t\t\t<\/div>\n\t\t\t\t<\/div>\n\t\t\t\t\t<\/div>\n\t\t<\/div>\n\t\t\t\t\t<\/div>\n\t\t<\/section>\n\t\t\t\t<section class=\"elementor-section elementor-top-section elementor-element elementor-element-214c0023 elementor-section-boxed elementor-section-height-default elementor-section-height-default\" data-id=\"214c0023\" data-element_type=\"section\" data-e-type=\"section\">\n\t\t\t\t\t\t<div class=\"elementor-container elementor-column-gap-default\">\n\t\t\t\t\t<div class=\"aux-parallax-section elementor-column elementor-col-100 elementor-top-column elementor-element elementor-element-f5814d6\" data-id=\"f5814d6\" data-element_type=\"column\" data-e-type=\"column\">\n\t\t\t<div class=\"elementor-widget-wrap\">\n\t\t\t\t\t\t\t<\/div>\n\t\t<\/div>\n\t\t\t\t\t<\/div>\n\t\t<\/section>\n\t\t\t\t<\/div>","protected":false},"excerpt":{"rendered":"<p>Politica de cookies Ultima actualizare: 15.09.2021 1. Introducere Prezenta Politic\u0103 privind fi\u0219ierele cookies se aplic\u0103 tuturor utilizatorilor paginii de internet e-romnja.ro. Informa\u021biile prezentate \u00een continuare au ca scop informarea utilizatorilor acestei pagini de internet cu privire la plasarea, utilizarea \u0219i administrarea cookie-urilor de c\u0103tre Asocia\u021bia E-romnja \u00een contextul navig\u0103rii utilizatorilor pe aceast\u0103 pagin\u0103 de internet. [&hellip;]<\/p>\n","protected":false},"author":1,"featured_media":0,"parent":0,"menu_order":0,"comment_status":"closed","ping_status":"closed","template":"elementor_header_footer","meta":{"footnotes":"","_links_to":"","_links_to_target":""},"class_list":["post-2586","page","type-page","status-publish","hentry"],"yoast_head":"<!-- This site is optimized with the Yoast SEO plugin v27.5 - https:\/\/yoast.com\/product\/yoast-seo-wordpress\/ -->\n<title>Politic\u0103 de cookies - E-Romnja<\/title>\n<meta name=\"robots\" content=\"index, follow, max-snippet:-1, max-image-preview:large, max-video-preview:-1\" \/>\n<link rel=\"canonical\" href=\"https:\/\/e-romnja.ro\/en\/politica-de-cookies\/\" \/>\n<meta property=\"og:locale\" content=\"en_US\" \/>\n<meta property=\"og:type\" content=\"article\" \/>\n<meta property=\"og:title\" content=\"Politic\u0103 de cookies - E-Romnja\" \/>\n<meta property=\"og:description\" content=\"Politica de cookies Ultima actualizare: 15.09.2021 1. Introducere Prezenta Politic\u0103 privind fi\u0219ierele cookies se aplic\u0103 tuturor utilizatorilor paginii de internet e-romnja.ro. Informa\u021biile prezentate \u00een continuare au ca scop informarea utilizatorilor acestei pagini de internet cu privire la plasarea, utilizarea \u0219i administrarea cookie-urilor de c\u0103tre Asocia\u021bia E-romnja \u00een contextul navig\u0103rii utilizatorilor pe aceast\u0103 pagin\u0103 de internet. [&hellip;]\" \/>\n<meta property=\"og:url\" content=\"https:\/\/e-romnja.ro\/en\/politica-de-cookies\/\" \/>\n<meta property=\"og:site_name\" content=\"E-Romnja\" \/>\n<meta property=\"article:modified_time\" content=\"2022-09-16T14:28:44+00:00\" \/>\n<meta name=\"twitter:card\" content=\"summary_large_image\" \/>\n<meta name=\"twitter:label1\" content=\"Est. reading time\" \/>\n\t<meta name=\"twitter:data1\" content=\"5 minutes\" \/>\n<script type=\"application\/ld+json\" class=\"yoast-schema-graph\">{\"@context\":\"https:\\\/\\\/schema.org\",\"@graph\":[{\"@type\":\"WebPage\",\"@id\":\"https:\\\/\\\/e-romnja.ro\\\/politica-de-cookies\\\/\",\"url\":\"https:\\\/\\\/e-romnja.ro\\\/politica-de-cookies\\\/\",\"name\":\"Politic\u0103 de cookies - E-Romnja\",\"isPartOf\":{\"@id\":\"https:\\\/\\\/e-romnja.ro\\\/#website\"},\"datePublished\":\"2022-09-15T08:44:41+00:00\",\"dateModified\":\"2022-09-16T14:28:44+00:00\",\"breadcrumb\":{\"@id\":\"https:\\\/\\\/e-romnja.ro\\\/politica-de-cookies\\\/#breadcrumb\"},\"inLanguage\":\"en-US\",\"potentialAction\":[{\"@type\":\"ReadAction\",\"target\":[\"https:\\\/\\\/e-romnja.ro\\\/politica-de-cookies\\\/\"]}]},{\"@type\":\"BreadcrumbList\",\"@id\":\"https:\\\/\\\/e-romnja.ro\\\/politica-de-cookies\\\/#breadcrumb\",\"itemListElement\":[{\"@type\":\"ListItem\",\"position\":1,\"name\":\"Prima pagin\u0103\",\"item\":\"https:\\\/\\\/e-romnja.ro\\\/\"},{\"@type\":\"ListItem\",\"position\":2,\"name\":\"Politic\u0103 de cookies\"}]},{\"@type\":\"WebSite\",\"@id\":\"https:\\\/\\\/e-romnja.ro\\\/#website\",\"url\":\"https:\\\/\\\/e-romnja.ro\\\/\",\"name\":\"E-Romnja\",\"description\":\"E-Romnja lupt\u0103 pentru respectul, integritatea \u0219i demnitatea femeilor rome.\",\"publisher\":{\"@id\":\"https:\\\/\\\/e-romnja.ro\\\/#organization\"},\"potentialAction\":[{\"@type\":\"SearchAction\",\"target\":{\"@type\":\"EntryPoint\",\"urlTemplate\":\"https:\\\/\\\/e-romnja.ro\\\/?s={search_term_string}\"},\"query-input\":{\"@type\":\"PropertyValueSpecification\",\"valueRequired\":true,\"valueName\":\"search_term_string\"}}],\"inLanguage\":\"en-US\"},{\"@type\":\"Organization\",\"@id\":\"https:\\\/\\\/e-romnja.ro\\\/#organization\",\"name\":\"E-Romnja\",\"url\":\"https:\\\/\\\/e-romnja.ro\\\/\",\"logo\":{\"@type\":\"ImageObject\",\"inLanguage\":\"en-US\",\"@id\":\"https:\\\/\\\/e-romnja.ro\\\/#\\\/schema\\\/logo\\\/image\\\/\",\"url\":\"https:\\\/\\\/e-romnja.ro\\\/wp-content\\\/uploads\\\/2020\\\/09\\\/cropped-e-romnja-1.jpg\",\"contentUrl\":\"https:\\\/\\\/e-romnja.ro\\\/wp-content\\\/uploads\\\/2020\\\/09\\\/cropped-e-romnja-1.jpg\",\"width\":150,\"height\":150,\"caption\":\"E-Romnja\"},\"image\":{\"@id\":\"https:\\\/\\\/e-romnja.ro\\\/#\\\/schema\\\/logo\\\/image\\\/\"}}]}<\/script>\n<!-- \/ Yoast SEO plugin. -->","yoast_head_json":{"title":"Politic\u0103 de cookies - E-Romnja","robots":{"index":"index","follow":"follow","max-snippet":"max-snippet:-1","max-image-preview":"max-image-preview:large","max-video-preview":"max-video-preview:-1"},"canonical":"https:\/\/e-romnja.ro\/en\/politica-de-cookies\/","og_locale":"en_US","og_type":"article","og_title":"Politic\u0103 de cookies - E-Romnja","og_description":"Politica de cookies Ultima actualizare: 15.09.2021 1. Introducere Prezenta Politic\u0103 privind fi\u0219ierele cookies se aplic\u0103 tuturor utilizatorilor paginii de internet e-romnja.ro. Informa\u021biile prezentate \u00een continuare au ca scop informarea utilizatorilor acestei pagini de internet cu privire la plasarea, utilizarea \u0219i administrarea cookie-urilor de c\u0103tre Asocia\u021bia E-romnja \u00een contextul navig\u0103rii utilizatorilor pe aceast\u0103 pagin\u0103 de internet. [&hellip;]","og_url":"https:\/\/e-romnja.ro\/en\/politica-de-cookies\/","og_site_name":"E-Romnja","article_modified_time":"2022-09-16T14:28:44+00:00","twitter_card":"summary_large_image","twitter_misc":{"Est. reading time":"5 minutes"},"schema":{"@context":"https:\/\/schema.org","@graph":[{"@type":"WebPage","@id":"https:\/\/e-romnja.ro\/politica-de-cookies\/","url":"https:\/\/e-romnja.ro\/politica-de-cookies\/","name":"Politic\u0103 de cookies - E-Romnja","isPartOf":{"@id":"https:\/\/e-romnja.ro\/#website"},"datePublished":"2022-09-15T08:44:41+00:00","dateModified":"2022-09-16T14:28:44+00:00","breadcrumb":{"@id":"https:\/\/e-romnja.ro\/politica-de-cookies\/#breadcrumb"},"inLanguage":"en-US","potentialAction":[{"@type":"ReadAction","target":["https:\/\/e-romnja.ro\/politica-de-cookies\/"]}]},{"@type":"BreadcrumbList","@id":"https:\/\/e-romnja.ro\/politica-de-cookies\/#breadcrumb","itemListElement":[{"@type":"ListItem","position":1,"name":"Prima pagin\u0103","item":"https:\/\/e-romnja.ro\/"},{"@type":"ListItem","position":2,"name":"Politic\u0103 de cookies"}]},{"@type":"WebSite","@id":"https:\/\/e-romnja.ro\/#website","url":"https:\/\/e-romnja.ro\/","name":"E-Romnja","description":"E-Romnja fights for the respect, integrity and dignity of Roma women.","publisher":{"@id":"https:\/\/e-romnja.ro\/#organization"},"potentialAction":[{"@type":"SearchAction","target":{"@type":"EntryPoint","urlTemplate":"https:\/\/e-romnja.ro\/?s={search_term_string}"},"query-input":{"@type":"PropertyValueSpecification","valueRequired":true,"valueName":"search_term_string"}}],"inLanguage":"en-US"},{"@type":"Organization","@id":"https:\/\/e-romnja.ro\/#organization","name":"E-Romnja","url":"https:\/\/e-romnja.ro\/","logo":{"@type":"ImageObject","inLanguage":"en-US","@id":"https:\/\/e-romnja.ro\/#\/schema\/logo\/image\/","url":"https:\/\/e-romnja.ro\/wp-content\/uploads\/2020\/09\/cropped-e-romnja-1.jpg","contentUrl":"https:\/\/e-romnja.ro\/wp-content\/uploads\/2020\/09\/cropped-e-romnja-1.jpg","width":150,"height":150,"caption":"E-Romnja"},"image":{"@id":"https:\/\/e-romnja.ro\/#\/schema\/logo\/image\/"}}]}},"_links":{"self":[{"href":"https:\/\/e-romnja.ro\/en\/wp-json\/wp\/v2\/pages\/2586","targetHints":{"allow":["GET"]}}],"collection":[{"href":"https:\/\/e-romnja.ro\/en\/wp-json\/wp\/v2\/pages"}],"about":[{"href":"https:\/\/e-romnja.ro\/en\/wp-json\/wp\/v2\/types\/page"}],"author":[{"embeddable":true,"href":"https:\/\/e-romnja.ro\/en\/wp-json\/wp\/v2\/users\/1"}],"replies":[{"embeddable":true,"href":"https:\/\/e-romnja.ro\/en\/wp-json\/wp\/v2\/comments?post=2586"}],"version-history":[{"count":5,"href":"https:\/\/e-romnja.ro\/en\/wp-json\/wp\/v2\/pages\/2586\/revisions"}],"predecessor-version":[{"id":2599,"href":"https:\/\/e-romnja.ro\/en\/wp-json\/wp\/v2\/pages\/2586\/revisions\/2599"}],"wp:attachment":[{"href":"https:\/\/e-romnja.ro\/en\/wp-json\/wp\/v2\/media?parent=2586"}],"curies":[{"name":"wp","href":"https:\/\/api.w.org\/{rel}","templated":true}]}}