{"id":1065,"date":"2021-03-19T11:34:15","date_gmt":"2021-03-19T11:34:15","guid":{"rendered":"https:\/\/e-romnja.ro\/?page_id=1065"},"modified":"2021-04-16T00:05:52","modified_gmt":"2021-04-15T22:05:52","slug":"advocacy","status":"publish","type":"page","link":"https:\/\/e-romnja.ro\/en\/advocacy\/","title":{"rendered":"Advocacy"},"content":{"rendered":"<div data-elementor-type=\"wp-page\" data-elementor-id=\"1065\" class=\"elementor elementor-1065\">\n\t\t\t\t\t\t<section class=\"elementor-section elementor-top-section elementor-element elementor-element-94c809a elementor-section-boxed elementor-section-height-default elementor-section-height-default\" data-id=\"94c809a\" data-element_type=\"section\" data-e-type=\"section\" data-settings=\"{&quot;background_background&quot;:&quot;classic&quot;,&quot;animation&quot;:&quot;none&quot;}\">\n\t\t\t\t\t\t<div class=\"elementor-container elementor-column-gap-default\">\n\t\t\t\t\t<div class=\"aux-parallax-section elementor-column elementor-col-100 elementor-top-column elementor-element elementor-element-2ab0f9d\" data-id=\"2ab0f9d\" data-element_type=\"column\" data-e-type=\"column\">\n\t\t\t<div class=\"elementor-widget-wrap elementor-element-populated\">\n\t\t\t\t\t\t<section class=\"elementor-section elementor-inner-section elementor-element elementor-element-43d7a4e elementor-section-boxed elementor-section-height-default elementor-section-height-default\" data-id=\"43d7a4e\" data-element_type=\"section\" data-e-type=\"section\">\n\t\t\t\t\t\t<div class=\"elementor-container elementor-column-gap-default\">\n\t\t\t\t\t<div class=\"aux-parallax-section elementor-column elementor-col-50 elementor-inner-column elementor-element elementor-element-b1eebea\" data-id=\"b1eebea\" data-element_type=\"column\" data-e-type=\"column\">\n\t\t\t<div class=\"elementor-widget-wrap elementor-element-populated\">\n\t\t\t\t\t\t<div class=\"elementor-element elementor-element-f6ecfc5 elementor-widget elementor-widget-heading\" data-id=\"f6ecfc5\" data-element_type=\"widget\" data-e-type=\"widget\" data-widget_type=\"heading.default\">\n\t\t\t\t<div class=\"elementor-widget-container\">\n\t\t\t\t\t<h2 class=\"elementor-heading-title elementor-size-default\">Advocacy<\/h2>\t\t\t\t<\/div>\n\t\t\t\t<\/div>\n\t\t\t\t<div class=\"elementor-element elementor-element-dd0be98 elementor-widget elementor-widget-text-editor\" data-id=\"dd0be98\" data-element_type=\"widget\" data-e-type=\"widget\" data-widget_type=\"text-editor.default\">\n\t\t\t\t<div class=\"elementor-widget-container\">\n\t\t\t\t\t\t\t\t\t<h5>The advocacy dimension of E-Romnja work is a central part of our effort to ensure that the diversity, experiences, and problems faced by Roma girls and women are on the authorities' agenda and are reflected in measures and policies, public discourse, and civil society initiatives.<\/h5>\t\t\t\t\t\t\t\t<\/div>\n\t\t\t\t<\/div>\n\t\t\t\t\t<\/div>\n\t\t<\/div>\n\t\t\t\t<div class=\"aux-parallax-section elementor-column elementor-col-50 elementor-inner-column elementor-element elementor-element-ff95800\" data-id=\"ff95800\" data-element_type=\"column\" data-e-type=\"column\">\n\t\t\t<div class=\"elementor-widget-wrap elementor-element-populated\">\n\t\t\t\t\t\t<div class=\"elementor-element elementor-element-5e51482 elementor-widget elementor-widget-image\" data-id=\"5e51482\" data-element_type=\"widget\" data-e-type=\"widget\" data-widget_type=\"image.default\">\n\t\t\t\t<div class=\"elementor-widget-container\">\n\t\t\t\t\t\t\t\t\t\t\t\t\t\t\t<img fetchpriority=\"high\" decoding=\"async\" width=\"775\" height=\"775\" src=\"https:\/\/e-romnja.ro\/wp-content\/uploads\/2021\/04\/Advocacy-2.jpg\" class=\"attachment-full size-full wp-image-1540\" alt=\"\" srcset=\"https:\/\/e-romnja.ro\/wp-content\/uploads\/2021\/04\/Advocacy-2.jpg 775w, https:\/\/e-romnja.ro\/wp-content\/uploads\/2021\/04\/Advocacy-2-300x300.jpg 300w, https:\/\/e-romnja.ro\/wp-content\/uploads\/2021\/04\/Advocacy-2-150x150.jpg 150w, https:\/\/e-romnja.ro\/wp-content\/uploads\/2021\/04\/Advocacy-2-768x768.jpg 768w\" sizes=\"(max-width: 775px) 100vw, 775px\" \/>\t\t\t\t\t\t\t\t\t\t\t\t\t\t\t<\/div>\n\t\t\t\t<\/div>\n\t\t\t\t\t<\/div>\n\t\t<\/div>\n\t\t\t\t\t<\/div>\n\t\t<\/section>\n\t\t\t\t<div class=\"elementor-element elementor-element-61ce562 elementor-widget elementor-widget-text-editor\" data-id=\"61ce562\" data-element_type=\"widget\" data-e-type=\"widget\" data-widget_type=\"text-editor.default\">\n\t\t\t\t<div class=\"elementor-widget-container\">\n\t\t\t\t\t\t\t\t\t<p>Thus, we develop and implement long-term actions at both the local and national levels. At the local level, we make the voices of girls and women heard in the communities where we work and prioritize actions with the initiative groups. Over time, our major advocacy themes in the communities in which we work have been: anti-discrimination, sexual violence against Roma girls, practices similar to marriage between minors, gender equality, racism and institutional sexism, combating school drop-out, access to services, housing, adequate infrastructure.<\/p>\t\t\t\t\t\t\t\t<\/div>\n\t\t\t\t<\/div>\n\t\t\t\t<div class=\"elementor-element elementor-element-f453d9c elementor-widget elementor-widget-image\" data-id=\"f453d9c\" data-element_type=\"widget\" data-e-type=\"widget\" data-widget_type=\"image.default\">\n\t\t\t\t<div class=\"elementor-widget-container\">\n\t\t\t\t\t\t\t\t\t\t\t\t\t\t\t<img decoding=\"async\" width=\"2560\" height=\"1708\" src=\"https:\/\/e-romnja.ro\/wp-content\/uploads\/2021\/03\/advocacy-2-scaled.jpg\" class=\"attachment-full size-full wp-image-1070\" alt=\"\" srcset=\"https:\/\/e-romnja.ro\/wp-content\/uploads\/2021\/03\/advocacy-2-scaled.jpg 2560w, https:\/\/e-romnja.ro\/wp-content\/uploads\/2021\/03\/advocacy-2-1536x1025.jpg 1536w, https:\/\/e-romnja.ro\/wp-content\/uploads\/2021\/03\/advocacy-2-2048x1367.jpg 2048w\" sizes=\"(max-width: 2560px) 100vw, 2560px\" \/>\t\t\t\t\t\t\t\t\t\t\t\t\t\t\t<\/div>\n\t\t\t\t<\/div>\n\t\t\t\t<div class=\"elementor-element elementor-element-a2a10ff elementor-widget elementor-widget-text-editor\" data-id=\"a2a10ff\" data-element_type=\"widget\" data-e-type=\"widget\" data-widget_type=\"text-editor.default\">\n\t\t\t\t<div class=\"elementor-widget-container\">\n\t\t\t\t\t\t\t\t\tThrough local partnerships developed over the past four years, we are adapting the local administrative system and police practices so that the needs of Roma girls and women are no longer invisible. Our advocacy work is supported by local women's, young women\u2019s, and young people's initiative groups in Mizil and Valea Seac\u0103. \n<br><br>\nConstant efforts to bring about change in communities have not been unsuccessful: together with our initiative groups, we have become discussion partners for local public authorities. We are now involved in the consultation and decision-making process. \nWe are aware that the process is complex, but we are there, and together with Roma girls and women in communities, we persevere in changing institutional mindsets, policies, and practices.\n<br><br>\nFor our advocacy work to have an even more significant impact on multiple levels, we work strategically in networks, coalitions, or informal groups. As a result, we have developed alliances with groups and networks that address issues such as forced habitation and evacuations, sexual and reproductive rights, violence against women, sexual violence, gender equality, the LGBTQIA+ community.\n<br><br>\nWe are currently members of the following formal or informal networks:\t\t\t\t\t\t\t\t<\/div>\n\t\t\t\t<\/div>\n\t\t\t\t<div class=\"elementor-element elementor-element-9341cdd elementor-widget elementor-widget-text-editor\" data-id=\"9341cdd\" data-element_type=\"widget\" data-e-type=\"widget\" data-widget_type=\"text-editor.default\">\n\t\t\t\t<div class=\"elementor-widget-container\">\n\t\t\t\t\t\t\t\t\t<p>\u2192 Network for the Prevention and Combating of Violence against Women<br \/>\u2192 Coalition for Gender Equality<br \/>\u2192 Network Break Silence on Sexual Violence<br \/>\u2192 Housing Block<\/p>\t\t\t\t\t\t\t\t<\/div>\n\t\t\t\t<\/div>\n\t\t\t\t<div class=\"elementor-element elementor-element-dcfe400 elementor-arrows-position-outside elementor-widget elementor-widget-image-carousel\" data-id=\"dcfe400\" data-element_type=\"widget\" data-e-type=\"widget\" data-settings=\"{&quot;slides_to_show&quot;:&quot;1&quot;,&quot;navigation&quot;:&quot;arrows&quot;,&quot;autoplay&quot;:&quot;yes&quot;,&quot;pause_on_hover&quot;:&quot;yes&quot;,&quot;pause_on_interaction&quot;:&quot;yes&quot;,&quot;autoplay_speed&quot;:5000,&quot;infinite&quot;:&quot;yes&quot;,&quot;effect&quot;:&quot;slide&quot;,&quot;speed&quot;:500}\" data-widget_type=\"image-carousel.default\">\n\t\t\t\t<div class=\"elementor-widget-container\">\n\t\t\t\t\t\t\t<div class=\"elementor-image-carousel-wrapper swiper\" role=\"region\" aria-roledescription=\"carousel\" aria-label=\"Carusel de imagini\" dir=\"ltr\">\n\t\t\t<div class=\"elementor-image-carousel swiper-wrapper\" aria-live=\"off\">\n\t\t\t\t\t\t\t\t<div class=\"swiper-slide\" role=\"group\" aria-roledescription=\"slide\" aria-label=\"1 din 10\"><figure class=\"swiper-slide-inner\"><img decoding=\"async\" class=\"swiper-slide-image\" src=\"https:\/\/e-romnja.ro\/wp-content\/uploads\/2021\/03\/mars-3-1536x862.jpg\" alt=\"mars 3\" \/><\/figure><\/div><div class=\"swiper-slide\" role=\"group\" aria-roledescription=\"slide\" aria-label=\"2 din 10\"><figure class=\"swiper-slide-inner\"><img decoding=\"async\" class=\"swiper-slide-image\" src=\"https:\/\/e-romnja.ro\/wp-content\/uploads\/2021\/03\/advocacy-6-1536x864.jpg\" alt=\"advocacy (6)\" \/><\/figure><\/div><div class=\"swiper-slide\" role=\"group\" aria-roledescription=\"slide\" aria-label=\"3 din 10\"><figure class=\"swiper-slide-inner\"><img decoding=\"async\" class=\"swiper-slide-image\" src=\"https:\/\/e-romnja.ro\/wp-content\/uploads\/2021\/03\/poza-pag-10.jpg\" alt=\"poza pag 10\" \/><\/figure><\/div><div class=\"swiper-slide\" role=\"group\" aria-roledescription=\"slide\" aria-label=\"4 din 10\"><figure class=\"swiper-slide-inner\"><img decoding=\"async\" class=\"swiper-slide-image\" src=\"https:\/\/e-romnja.ro\/wp-content\/uploads\/2021\/03\/mars-2--1536x1024.jpg\" alt=\"mars 2\" \/><\/figure><\/div><div class=\"swiper-slide\" role=\"group\" aria-roledescription=\"slide\" aria-label=\"5 din 10\"><figure class=\"swiper-slide-inner\"><img decoding=\"async\" class=\"swiper-slide-image\" src=\"https:\/\/e-romnja.ro\/wp-content\/uploads\/2021\/03\/IMG_20170407_183217-1536x1152.jpg\" alt=\"IMG_20170407_183217\" \/><\/figure><\/div><div class=\"swiper-slide\" role=\"group\" aria-roledescription=\"slide\" aria-label=\"6 din 10\"><figure class=\"swiper-slide-inner\"><img decoding=\"async\" class=\"swiper-slide-image\" src=\"https:\/\/e-romnja.ro\/wp-content\/uploads\/2021\/03\/eromnja--1536x1024.jpg\" alt=\"eromnja\" \/><\/figure><\/div><div class=\"swiper-slide\" role=\"group\" aria-roledescription=\"slide\" aria-label=\"7 din 10\"><figure class=\"swiper-slide-inner\"><img decoding=\"async\" class=\"swiper-slide-image\" src=\"https:\/\/e-romnja.ro\/wp-content\/uploads\/2021\/03\/DSC_0385-1536x1025.jpg\" alt=\"DSC_0385\" \/><\/figure><\/div><div class=\"swiper-slide\" role=\"group\" aria-roledescription=\"slide\" aria-label=\"8 din 10\"><figure class=\"swiper-slide-inner\"><img decoding=\"async\" class=\"swiper-slide-image\" src=\"https:\/\/e-romnja.ro\/wp-content\/uploads\/2021\/03\/67728288_2413025748764971_64312105850896384_o-1536x1152.jpg\" alt=\"67728288_2413025748764971_64312105850896384_o\" \/><\/figure><\/div><div class=\"swiper-slide\" role=\"group\" aria-roledescription=\"slide\" aria-label=\"9 din 10\"><figure class=\"swiper-slide-inner\"><img decoding=\"async\" class=\"swiper-slide-image\" src=\"https:\/\/e-romnja.ro\/wp-content\/uploads\/2021\/03\/DSC_0083-1536x1025.jpg\" alt=\"DSC_0083\" \/><\/figure><\/div><div class=\"swiper-slide\" role=\"group\" aria-roledescription=\"slide\" aria-label=\"10 din 10\"><figure class=\"swiper-slide-inner\"><img decoding=\"async\" class=\"swiper-slide-image\" src=\"https:\/\/e-romnja.ro\/wp-content\/uploads\/2021\/04\/87962556_10221761477243324_4024516838913212416_o-1536x1024.jpg\" alt=\"87962556_10221761477243324_4024516838913212416_o\" \/><\/figure><\/div>\t\t\t<\/div>\n\t\t\t\t\t\t\t\t\t\t\t\t<div class=\"elementor-swiper-button elementor-swiper-button-prev\" role=\"button\" tabindex=\"0\">\n\t\t\t\t\t\t<i aria-hidden=\"true\" class=\"eicon-chevron-left\"><\/i>\t\t\t\t\t<\/div>\n\t\t\t\t\t<div class=\"elementor-swiper-button elementor-swiper-button-next\" role=\"button\" tabindex=\"0\">\n\t\t\t\t\t\t<i aria-hidden=\"true\" class=\"eicon-chevron-right\"><\/i>\t\t\t\t\t<\/div>\n\t\t\t\t\n\t\t\t\t\t\t\t\t\t<\/div>\n\t\t\t\t\t\t<\/div>\n\t\t\t\t<\/div>\n\t\t\t\t<div class=\"elementor-element elementor-element-b0efd7a elementor-widget-divider--view-line elementor-widget elementor-widget-divider\" data-id=\"b0efd7a\" data-element_type=\"widget\" data-e-type=\"widget\" data-widget_type=\"divider.default\">\n\t\t\t\t<div class=\"elementor-widget-container\">\n\t\t\t\t\t\t\t<div class=\"elementor-divider\">\n\t\t\t<span class=\"elementor-divider-separator\">\n\t\t\t\t\t\t<\/span>\n\t\t<\/div>\n\t\t\t\t\t\t<\/div>\n\t\t\t\t<\/div>\n\t\t\t\t\t<\/div>\n\t\t<\/div>\n\t\t\t\t\t<\/div>\n\t\t<\/section>\n\t\t\t\t<section class=\"elementor-section elementor-top-section elementor-element elementor-element-8e94604 elementor-section-boxed elementor-section-height-default elementor-section-height-default\" data-id=\"8e94604\" data-element_type=\"section\" data-e-type=\"section\" data-settings=\"{&quot;background_background&quot;:&quot;classic&quot;}\">\n\t\t\t\t\t\t<div class=\"elementor-container elementor-column-gap-default\">\n\t\t\t\t\t<div class=\"aux-parallax-section elementor-column elementor-col-33 elementor-top-column elementor-element elementor-element-e34164d\" data-id=\"e34164d\" data-element_type=\"column\" data-e-type=\"column\">\n\t\t\t<div class=\"elementor-widget-wrap elementor-element-populated\">\n\t\t\t\t\t\t<div class=\"elementor-element elementor-element-f8b64f0 text-bigger elementor-widget elementor-widget-heading\" data-id=\"f8b64f0\" data-element_type=\"widget\" data-e-type=\"widget\" data-widget_type=\"heading.default\">\n\t\t\t\t<div class=\"elementor-widget-container\">\n\t\t\t\t\t<span class=\"elementor-heading-title elementor-size-default\">Continue reading:<\/span>\t\t\t\t<\/div>\n\t\t\t\t<\/div>\n\t\t\t\t\t<\/div>\n\t\t<\/div>\n\t\t\t\t<div class=\"aux-parallax-section elementor-column elementor-col-33 elementor-top-column elementor-element elementor-element-79cfb15\" data-id=\"79cfb15\" data-element_type=\"column\" data-e-type=\"column\">\n\t\t\t<div class=\"elementor-widget-wrap elementor-element-populated\">\n\t\t\t\t\t\t<div class=\"elementor-element elementor-element-0187395 elementor-widget elementor-widget-image\" data-id=\"0187395\" data-element_type=\"widget\" data-e-type=\"widget\" data-widget_type=\"image.default\">\n\t\t\t\t<div class=\"elementor-widget-container\">\n\t\t\t\t\t\t\t\t\t\t\t\t\t\t\t\t<a href=\"https:\/\/e-romnja.ro\/en\/interventie-comunitara-feminista\/\" target=\"_blank\" rel=\"noopener noreferrer nofollow\">\n\t\t\t\t\t\t\t<img decoding=\"async\" width=\"775\" height=\"775\" src=\"https:\/\/e-romnja.ro\/wp-content\/uploads\/2021\/10\/interventie-femnista-copy.png\" class=\"elementor-animation-shrink attachment-large size-large wp-image-999\" alt=\"\" srcset=\"https:\/\/e-romnja.ro\/wp-content\/uploads\/2021\/10\/interventie-femnista-copy.png 775w, https:\/\/e-romnja.ro\/wp-content\/uploads\/2021\/10\/interventie-femnista-copy-300x300.png 300w, https:\/\/e-romnja.ro\/wp-content\/uploads\/2021\/10\/interventie-femnista-copy-150x150.png 150w, https:\/\/e-romnja.ro\/wp-content\/uploads\/2021\/10\/interventie-femnista-copy-768x768.png 768w, https:\/\/e-romnja.ro\/wp-content\/uploads\/2021\/10\/interventie-femnista-copy-12x12.png 12w\" sizes=\"(max-width: 775px) 100vw, 775px\" \/>\t\t\t\t\t\t\t\t<\/a>\n\t\t\t\t\t\t\t\t\t\t\t\t\t\t\t<\/div>\n\t\t\t\t<\/div>\n\t\t\t\t\t<\/div>\n\t\t<\/div>\n\t\t\t\t<div class=\"aux-parallax-section elementor-column elementor-col-33 elementor-top-column elementor-element elementor-element-dbb9eed\" data-id=\"dbb9eed\" data-element_type=\"column\" data-e-type=\"column\">\n\t\t\t<div class=\"elementor-widget-wrap elementor-element-populated\">\n\t\t\t\t\t\t<div class=\"elementor-element elementor-element-216672c elementor-widget elementor-widget-image\" data-id=\"216672c\" data-element_type=\"widget\" data-e-type=\"widget\" data-widget_type=\"image.default\">\n\t\t\t\t<div class=\"elementor-widget-container\">\n\t\t\t\t\t\t\t\t\t\t\t\t\t\t\t\t<a href=\"https:\/\/e-romnja.ro\/en\/intersectionalitate\/\" target=\"_blank\" rel=\"noopener noreferrer nofollow\">\n\t\t\t\t\t\t\t<img loading=\"lazy\" decoding=\"async\" width=\"775\" height=\"775\" src=\"https:\/\/e-romnja.ro\/wp-content\/uploads\/2021\/10\/intersect-copy.png\" class=\"elementor-animation-shrink attachment-large size-large wp-image-1427\" alt=\"\" srcset=\"https:\/\/e-romnja.ro\/wp-content\/uploads\/2021\/10\/intersect-copy.png 775w, https:\/\/e-romnja.ro\/wp-content\/uploads\/2021\/10\/intersect-copy-300x300.png 300w, https:\/\/e-romnja.ro\/wp-content\/uploads\/2021\/10\/intersect-copy-150x150.png 150w, https:\/\/e-romnja.ro\/wp-content\/uploads\/2021\/10\/intersect-copy-768x768.png 768w, https:\/\/e-romnja.ro\/wp-content\/uploads\/2021\/10\/intersect-copy-12x12.png 12w\" sizes=\"(max-width: 775px) 100vw, 775px\" \/>\t\t\t\t\t\t\t\t<\/a>\n\t\t\t\t\t\t\t\t\t\t\t\t\t\t\t<\/div>\n\t\t\t\t<\/div>\n\t\t\t\t\t<\/div>\n\t\t<\/div>\n\t\t\t\t\t<\/div>\n\t\t<\/section>\n\t\t\t\t<\/div>","protected":false},"excerpt":{"rendered":"<p>Advocacy Dimensiunea de advocacy a muncii E-Romnja este parte central\u0103 a demersului de a ne asigura c\u0103 diversitatea, experien\u021bele \u0219i problemele cu care fetele \u0219i femeile rome se confrunt\u0103 se reg\u0103sesc pe agenda autorit\u0103\u021bilor \u0219i se reflect\u0103 la nivelul m\u0103surilor \u0219i politicilor, \u00een discursul public \u0219i la nivelul ini\u021biativelor societ\u0103\u021bii civile majoritare. Astfel, dezvolt\u0103m \u0219i [&hellip;]<\/p>\n","protected":false},"author":1,"featured_media":0,"parent":0,"menu_order":0,"comment_status":"closed","ping_status":"closed","template":"elementor_header_footer","meta":{"footnotes":"","_links_to":"","_links_to_target":""},"class_list":["post-1065","page","type-page","status-publish","hentry"],"yoast_head":"<!-- This site is optimized with the Yoast SEO plugin v27.4 - https:\/\/yoast.com\/product\/yoast-seo-wordpress\/ -->\n<title>Advocacy - E-Romnja<\/title>\n<meta name=\"robots\" content=\"index, follow, max-snippet:-1, max-image-preview:large, max-video-preview:-1\" \/>\n<link rel=\"canonical\" href=\"https:\/\/e-romnja.ro\/en\/advocacy\/\" \/>\n<meta property=\"og:locale\" content=\"en_US\" \/>\n<meta property=\"og:type\" content=\"article\" \/>\n<meta property=\"og:title\" content=\"Advocacy - E-Romnja\" \/>\n<meta property=\"og:description\" content=\"Advocacy Dimensiunea de advocacy a muncii E-Romnja este parte central\u0103 a demersului de a ne asigura c\u0103 diversitatea, experien\u021bele \u0219i problemele cu care fetele \u0219i femeile rome se confrunt\u0103 se reg\u0103sesc pe agenda autorit\u0103\u021bilor \u0219i se reflect\u0103 la nivelul m\u0103surilor \u0219i politicilor, \u00een discursul public \u0219i la nivelul ini\u021biativelor societ\u0103\u021bii civile majoritare. Astfel, dezvolt\u0103m \u0219i [&hellip;]\" \/>\n<meta property=\"og:url\" content=\"https:\/\/e-romnja.ro\/en\/advocacy\/\" \/>\n<meta property=\"og:site_name\" content=\"E-Romnja\" \/>\n<meta property=\"article:modified_time\" content=\"2021-04-15T22:05:52+00:00\" \/>\n<meta property=\"og:image\" content=\"https:\/\/e-romnja.ro\/wp-content\/uploads\/2021\/04\/Advocacy-2.jpg\" \/>\n<meta name=\"twitter:card\" content=\"summary_large_image\" \/>\n<meta name=\"twitter:label1\" content=\"Est. reading time\" \/>\n\t<meta name=\"twitter:data1\" content=\"2 minutes\" \/>\n<script type=\"application\/ld+json\" class=\"yoast-schema-graph\">{\"@context\":\"https:\\\/\\\/schema.org\",\"@graph\":[{\"@type\":\"WebPage\",\"@id\":\"https:\\\/\\\/e-romnja.ro\\\/advocacy\\\/\",\"url\":\"https:\\\/\\\/e-romnja.ro\\\/advocacy\\\/\",\"name\":\"Advocacy - E-Romnja\",\"isPartOf\":{\"@id\":\"https:\\\/\\\/e-romnja.ro\\\/#website\"},\"primaryImageOfPage\":{\"@id\":\"https:\\\/\\\/e-romnja.ro\\\/advocacy\\\/#primaryimage\"},\"image\":{\"@id\":\"https:\\\/\\\/e-romnja.ro\\\/advocacy\\\/#primaryimage\"},\"thumbnailUrl\":\"http:\\\/\\\/e-romnja.ro\\\/wp-content\\\/uploads\\\/2021\\\/04\\\/Advocacy-2.jpg\",\"datePublished\":\"2021-03-19T11:34:15+00:00\",\"dateModified\":\"2021-04-15T22:05:52+00:00\",\"breadcrumb\":{\"@id\":\"https:\\\/\\\/e-romnja.ro\\\/advocacy\\\/#breadcrumb\"},\"inLanguage\":\"en-US\",\"potentialAction\":[{\"@type\":\"ReadAction\",\"target\":[\"https:\\\/\\\/e-romnja.ro\\\/advocacy\\\/\"]}]},{\"@type\":\"ImageObject\",\"inLanguage\":\"en-US\",\"@id\":\"https:\\\/\\\/e-romnja.ro\\\/advocacy\\\/#primaryimage\",\"url\":\"http:\\\/\\\/e-romnja.ro\\\/wp-content\\\/uploads\\\/2021\\\/04\\\/Advocacy-2.jpg\",\"contentUrl\":\"http:\\\/\\\/e-romnja.ro\\\/wp-content\\\/uploads\\\/2021\\\/04\\\/Advocacy-2.jpg\"},{\"@type\":\"BreadcrumbList\",\"@id\":\"https:\\\/\\\/e-romnja.ro\\\/advocacy\\\/#breadcrumb\",\"itemListElement\":[{\"@type\":\"ListItem\",\"position\":1,\"name\":\"Prima pagin\u0103\",\"item\":\"https:\\\/\\\/e-romnja.ro\\\/\"},{\"@type\":\"ListItem\",\"position\":2,\"name\":\"Advocacy\"}]},{\"@type\":\"WebSite\",\"@id\":\"https:\\\/\\\/e-romnja.ro\\\/#website\",\"url\":\"https:\\\/\\\/e-romnja.ro\\\/\",\"name\":\"E-Romnja\",\"description\":\"E-Romnja lupt\u0103 pentru respectul, integritatea \u0219i demnitatea femeilor rome.\",\"publisher\":{\"@id\":\"https:\\\/\\\/e-romnja.ro\\\/#organization\"},\"potentialAction\":[{\"@type\":\"SearchAction\",\"target\":{\"@type\":\"EntryPoint\",\"urlTemplate\":\"https:\\\/\\\/e-romnja.ro\\\/?s={search_term_string}\"},\"query-input\":{\"@type\":\"PropertyValueSpecification\",\"valueRequired\":true,\"valueName\":\"search_term_string\"}}],\"inLanguage\":\"en-US\"},{\"@type\":\"Organization\",\"@id\":\"https:\\\/\\\/e-romnja.ro\\\/#organization\",\"name\":\"E-Romnja\",\"url\":\"https:\\\/\\\/e-romnja.ro\\\/\",\"logo\":{\"@type\":\"ImageObject\",\"inLanguage\":\"en-US\",\"@id\":\"https:\\\/\\\/e-romnja.ro\\\/#\\\/schema\\\/logo\\\/image\\\/\",\"url\":\"https:\\\/\\\/e-romnja.ro\\\/wp-content\\\/uploads\\\/2020\\\/09\\\/cropped-e-romnja-1.jpg\",\"contentUrl\":\"https:\\\/\\\/e-romnja.ro\\\/wp-content\\\/uploads\\\/2020\\\/09\\\/cropped-e-romnja-1.jpg\",\"width\":150,\"height\":150,\"caption\":\"E-Romnja\"},\"image\":{\"@id\":\"https:\\\/\\\/e-romnja.ro\\\/#\\\/schema\\\/logo\\\/image\\\/\"}}]}<\/script>\n<!-- \/ Yoast SEO plugin. -->","yoast_head_json":{"title":"Advocacy - E-Romnja","robots":{"index":"index","follow":"follow","max-snippet":"max-snippet:-1","max-image-preview":"max-image-preview:large","max-video-preview":"max-video-preview:-1"},"canonical":"https:\/\/e-romnja.ro\/en\/advocacy\/","og_locale":"en_US","og_type":"article","og_title":"Advocacy - E-Romnja","og_description":"Advocacy Dimensiunea de advocacy a muncii E-Romnja este parte central\u0103 a demersului de a ne asigura c\u0103 diversitatea, experien\u021bele \u0219i problemele cu care fetele \u0219i femeile rome se confrunt\u0103 se reg\u0103sesc pe agenda autorit\u0103\u021bilor \u0219i se reflect\u0103 la nivelul m\u0103surilor \u0219i politicilor, \u00een discursul public \u0219i la nivelul ini\u021biativelor societ\u0103\u021bii civile majoritare. Astfel, dezvolt\u0103m \u0219i [&hellip;]","og_url":"https:\/\/e-romnja.ro\/en\/advocacy\/","og_site_name":"E-Romnja","article_modified_time":"2021-04-15T22:05:52+00:00","og_image":[{"url":"https:\/\/e-romnja.ro\/wp-content\/uploads\/2021\/04\/Advocacy-2.jpg","type":"","width":"","height":""}],"twitter_card":"summary_large_image","twitter_misc":{"Est. reading time":"2 minutes"},"schema":{"@context":"https:\/\/schema.org","@graph":[{"@type":"WebPage","@id":"https:\/\/e-romnja.ro\/advocacy\/","url":"https:\/\/e-romnja.ro\/advocacy\/","name":"Advocacy - E-Romnja","isPartOf":{"@id":"https:\/\/e-romnja.ro\/#website"},"primaryImageOfPage":{"@id":"https:\/\/e-romnja.ro\/advocacy\/#primaryimage"},"image":{"@id":"https:\/\/e-romnja.ro\/advocacy\/#primaryimage"},"thumbnailUrl":"https:\/\/e-romnja.ro\/wp-content\/uploads\/2021\/04\/Advocacy-2.jpg","datePublished":"2021-03-19T11:34:15+00:00","dateModified":"2021-04-15T22:05:52+00:00","breadcrumb":{"@id":"https:\/\/e-romnja.ro\/advocacy\/#breadcrumb"},"inLanguage":"en-US","potentialAction":[{"@type":"ReadAction","target":["https:\/\/e-romnja.ro\/advocacy\/"]}]},{"@type":"ImageObject","inLanguage":"en-US","@id":"https:\/\/e-romnja.ro\/advocacy\/#primaryimage","url":"https:\/\/e-romnja.ro\/wp-content\/uploads\/2021\/04\/Advocacy-2.jpg","contentUrl":"https:\/\/e-romnja.ro\/wp-content\/uploads\/2021\/04\/Advocacy-2.jpg"},{"@type":"BreadcrumbList","@id":"https:\/\/e-romnja.ro\/advocacy\/#breadcrumb","itemListElement":[{"@type":"ListItem","position":1,"name":"Prima pagin\u0103","item":"https:\/\/e-romnja.ro\/"},{"@type":"ListItem","position":2,"name":"Advocacy"}]},{"@type":"WebSite","@id":"https:\/\/e-romnja.ro\/#website","url":"https:\/\/e-romnja.ro\/","name":"E-Romnja","description":"E-Romnja fights for the respect, integrity and dignity of Roma women.","publisher":{"@id":"https:\/\/e-romnja.ro\/#organization"},"potentialAction":[{"@type":"SearchAction","target":{"@type":"EntryPoint","urlTemplate":"https:\/\/e-romnja.ro\/?s={search_term_string}"},"query-input":{"@type":"PropertyValueSpecification","valueRequired":true,"valueName":"search_term_string"}}],"inLanguage":"en-US"},{"@type":"Organization","@id":"https:\/\/e-romnja.ro\/#organization","name":"E-Romnja","url":"https:\/\/e-romnja.ro\/","logo":{"@type":"ImageObject","inLanguage":"en-US","@id":"https:\/\/e-romnja.ro\/#\/schema\/logo\/image\/","url":"https:\/\/e-romnja.ro\/wp-content\/uploads\/2020\/09\/cropped-e-romnja-1.jpg","contentUrl":"https:\/\/e-romnja.ro\/wp-content\/uploads\/2020\/09\/cropped-e-romnja-1.jpg","width":150,"height":150,"caption":"E-Romnja"},"image":{"@id":"https:\/\/e-romnja.ro\/#\/schema\/logo\/image\/"}}]}},"_links":{"self":[{"href":"https:\/\/e-romnja.ro\/en\/wp-json\/wp\/v2\/pages\/1065","targetHints":{"allow":["GET"]}}],"collection":[{"href":"https:\/\/e-romnja.ro\/en\/wp-json\/wp\/v2\/pages"}],"about":[{"href":"https:\/\/e-romnja.ro\/en\/wp-json\/wp\/v2\/types\/page"}],"author":[{"embeddable":true,"href":"https:\/\/e-romnja.ro\/en\/wp-json\/wp\/v2\/users\/1"}],"replies":[{"embeddable":true,"href":"https:\/\/e-romnja.ro\/en\/wp-json\/wp\/v2\/comments?post=1065"}],"version-history":[{"count":5,"href":"https:\/\/e-romnja.ro\/en\/wp-json\/wp\/v2\/pages\/1065\/revisions"}],"predecessor-version":[{"id":1545,"href":"https:\/\/e-romnja.ro\/en\/wp-json\/wp\/v2\/pages\/1065\/revisions\/1545"}],"wp:attachment":[{"href":"https:\/\/e-romnja.ro\/en\/wp-json\/wp\/v2\/media?parent=1065"}],"curies":[{"name":"wp","href":"https:\/\/api.w.org\/{rel}","templated":true}]}}